{"id":5280,"date":"2021-11-22T16:06:27","date_gmt":"2021-11-22T16:06:27","guid":{"rendered":"https:\/\/panamatrails.com\/elabore-su-itinerario\/"},"modified":"2023-11-30T21:03:26","modified_gmt":"2023-11-30T21:03:26","slug":"elabore-su-itinerario","status":"publish","type":"page","link":"https:\/\/panamatrails.com\/es\/elabore-su-itinerario\/","title":{"rendered":"Elabore Su Itinerario"},"content":{"rendered":"\t\t<div data-elementor-type=\"wp-page\" data-elementor-id=\"5280\" class=\"elementor elementor-5280 elementor-471\" data-elementor-post-type=\"page\">\n\t\t\t\t\t\t<section class=\"elementor-section elementor-top-section elementor-element elementor-element-a49f413 elementor-section-height-min-height elementor-reverse-tablet elementor-reverse-mobile elementor-section-boxed elementor-section-height-default elementor-section-items-middle\" data-id=\"a49f413\" data-element_type=\"section\" data-settings=\"{&quot;background_background&quot;:&quot;classic&quot;}\">\n\t\t\t\t\t\t<div class=\"elementor-container elementor-column-gap-default\">\n\t\t\t\t\t<div class=\"elementor-column elementor-col-100 elementor-top-column elementor-element elementor-element-06b92e2\" data-id=\"06b92e2\" data-element_type=\"column\">\n\t\t\t<div class=\"elementor-widget-wrap elementor-element-populated\">\n\t\t\t\t\t\t<div class=\"elementor-element elementor-element-bc06d83 elementor-widget elementor-widget-heading\" data-id=\"bc06d83\" data-element_type=\"widget\" data-widget_type=\"heading.default\">\n\t\t\t\t<div class=\"elementor-widget-container\">\n\t\t\t\t\t<h1 class=\"elementor-heading-title elementor-size-default\">\u00a1Maravilloso!<\/h1>\t\t\t\t<\/div>\n\t\t\t\t<\/div>\n\t\t\t\t<div class=\"elementor-element elementor-element-b7b3cb6 elementor-widget elementor-widget-heading\" data-id=\"b7b3cb6\" data-element_type=\"widget\" data-widget_type=\"heading.default\">\n\t\t\t\t<div class=\"elementor-widget-container\">\n\t\t\t\t\t<h3 class=\"elementor-heading-title elementor-size-default\">\u00a1D\u00edganos exactamente lo que est\u00e1 buscando y comenzaremos con su itinerario personalizado!<\/h3>\t\t\t\t<\/div>\n\t\t\t\t<\/div>\n\t\t\t\t<div class=\"elementor-element elementor-element-dd37fad elementor-widget elementor-widget-text-editor\" data-id=\"dd37fad\" data-element_type=\"widget\" data-widget_type=\"text-editor.default\">\n\t\t\t\t<div class=\"elementor-widget-container\">\n\t\t\t\t\t\t\t\t\t<p>Para ver los T\u00e9rminos y Condiciones: <span style=\"color: #ffffff;\"><a style=\"color: #ffffff;\" href=\"https:\/\/panamatrails.com\/es\/terminos-y-condiciones\/\"><span style=\"text-decoration: underline;\">HAGA CLIC AQU\u00cd<\/span><\/a><\/span> <\/p>\n\t\t\t\t\t\t\t\t<\/div>\n\t\t\t\t<\/div>\n\t\t\t\t<div class=\"elementor-element elementor-element-adde57c elementor-widget elementor-widget-image\" data-id=\"adde57c\" data-element_type=\"widget\" data-widget_type=\"image.default\">\n\t\t\t\t<div class=\"elementor-widget-container\">\n\t\t\t\t\t\t\t\t\t\t\t\t\t\t\t\t<a href=\"#below-the-fold\">\n\t\t\t\t\t\t\t<img decoding=\"async\" width=\"186\" height=\"186\" src=\"https:\/\/panamatrails.com\/wp-content\/uploads\/2021\/11\/noun_Arrow_5438@2x.png\" class=\"attachment-large size-large wp-image-4818\" alt=\"\" srcset=\"https:\/\/panamatrails.com\/wp-content\/uploads\/2021\/11\/noun_Arrow_5438@2x.png 186w, https:\/\/panamatrails.com\/wp-content\/uploads\/2021\/11\/noun_Arrow_5438@2x-150x150.png 150w\" sizes=\"(max-width: 186px) 100vw, 186px\" \/>\t\t\t\t\t\t\t\t<\/a>\n\t\t\t\t\t\t\t\t\t\t\t\t\t\t\t<\/div>\n\t\t\t\t<\/div>\n\t\t\t\t\t<\/div>\n\t\t<\/div>\n\t\t\t\t\t<\/div>\n\t\t<\/section>\n\t\t\t\t<section class=\"elementor-section elementor-top-section elementor-element elementor-element-6127161 elementor-section-boxed elementor-section-height-default elementor-section-height-default\" data-id=\"6127161\" data-element_type=\"section\">\n\t\t\t\t\t\t<div class=\"elementor-container elementor-column-gap-default\">\n\t\t\t\t\t<div class=\"elementor-column elementor-col-100 elementor-top-column elementor-element elementor-element-7e779de\" data-id=\"7e779de\" data-element_type=\"column\">\n\t\t\t<div class=\"elementor-widget-wrap elementor-element-populated\">\n\t\t\t\t\t\t<div class=\"elementor-element elementor-element-3261285 elementor-widget elementor-widget-menu-anchor\" data-id=\"3261285\" data-element_type=\"widget\" data-widget_type=\"menu-anchor.default\">\n\t\t\t\t<div class=\"elementor-widget-container\">\n\t\t\t\t\t\t\t<div class=\"elementor-menu-anchor\" id=\"below-the-fold\"><\/div>\n\t\t\t\t\t\t<\/div>\n\t\t\t\t<\/div>\n\t\t\t\t\t<\/div>\n\t\t<\/div>\n\t\t\t\t\t<\/div>\n\t\t<\/section>\n\t\t\t\t<section class=\"elementor-section elementor-top-section elementor-element elementor-element-380f479 elementor-section-boxed elementor-section-height-default elementor-section-height-default\" data-id=\"380f479\" data-element_type=\"section\">\n\t\t\t\t\t\t<div class=\"elementor-container elementor-column-gap-default\">\n\t\t\t\t\t<div class=\"elementor-column elementor-col-100 elementor-top-column elementor-element elementor-element-6e13181\" data-id=\"6e13181\" data-element_type=\"column\">\n\t\t\t<div class=\"elementor-widget-wrap elementor-element-populated\">\n\t\t\t\t\t\t<div class=\"elementor-element elementor-element-b22c61b elementor-widget elementor-widget-html\" data-id=\"b22c61b\" data-element_type=\"widget\" data-widget_type=\"html.default\">\n\t\t\t\t<div class=\"elementor-widget-container\">\n\t\t\t\t\t<script charset=\"utf-8\" type=\"text\/javascript\" src=\"\/\/js.hsforms.net\/forms\/embed\/v2.js\"><\/script>\n<script>\n  hbspt.forms.create({\n    region: \"na1\",\n    portalId: \"21067918\",\n    formId: \"a8200c7e-79c3-4b7b-8e48-1f9b0f779e76\"\n  });\n<\/script>\t\t\t\t<\/div>\n\t\t\t\t<\/div>\n\t\t\t\t\t<\/div>\n\t\t<\/div>\n\t\t\t\t\t<\/div>\n\t\t<\/section>\n\t\t\t\t<section class=\"elementor-section elementor-top-section elementor-element elementor-element-2570f2e elementor-section-boxed elementor-section-height-default elementor-section-height-default\" data-id=\"2570f2e\" data-element_type=\"section\" data-settings=\"{&quot;background_background&quot;:&quot;classic&quot;}\">\n\t\t\t\t\t\t<div class=\"elementor-container elementor-column-gap-default\">\n\t\t\t\t\t<div class=\"elementor-column elementor-col-33 elementor-top-column elementor-element elementor-element-320443c\" data-id=\"320443c\" data-element_type=\"column\">\n\t\t\t<div class=\"elementor-widget-wrap elementor-element-populated\">\n\t\t\t\t\t\t<div class=\"elementor-element elementor-element-5e69589 elementor-widget elementor-widget-image\" data-id=\"5e69589\" data-element_type=\"widget\" data-widget_type=\"image.default\">\n\t\t\t\t<div class=\"elementor-widget-container\">\n\t\t\t\t\t\t\t\t\t\t\t\t\t\t\t<img decoding=\"async\" width=\"148\" height=\"130\" src=\"https:\/\/panamatrails.com\/wp-content\/uploads\/2021\/11\/noun_Quote_453953@2x-1.png\" class=\"attachment-large size-large wp-image-4868\" alt=\"\" \/>\t\t\t\t\t\t\t\t\t\t\t\t\t\t\t<\/div>\n\t\t\t\t<\/div>\n\t\t\t\t\t<\/div>\n\t\t<\/div>\n\t\t\t\t<div class=\"elementor-column elementor-col-33 elementor-top-column elementor-element elementor-element-fa36e32\" data-id=\"fa36e32\" data-element_type=\"column\">\n\t\t\t<div class=\"elementor-widget-wrap elementor-element-populated\">\n\t\t\t\t\t\t<div class=\"elementor-element elementor-element-28db248 elementor-widget elementor-widget-heading\" data-id=\"28db248\" data-element_type=\"widget\" data-widget_type=\"heading.default\">\n\t\t\t\t<div class=\"elementor-widget-container\">\n\t\t\t\t\t<h2 class=\"elementor-heading-title elementor-size-default\">\u00a1Todo se manej\u00f3 perfectamente!<\/h2>\t\t\t\t<\/div>\n\t\t\t\t<\/div>\n\t\t\t\t<div class=\"elementor-element elementor-element-87f4ba7 elementor-widget elementor-widget-spacer\" data-id=\"87f4ba7\" data-element_type=\"widget\" data-widget_type=\"spacer.default\">\n\t\t\t\t<div class=\"elementor-widget-container\">\n\t\t\t\t\t\t\t<div class=\"elementor-spacer\">\n\t\t\t<div class=\"elementor-spacer-inner\"><\/div>\n\t\t<\/div>\n\t\t\t\t\t\t<\/div>\n\t\t\t\t<\/div>\n\t\t\t\t<div class=\"elementor-element elementor-element-19d23d6 elementor-widget elementor-widget-text-editor\" data-id=\"19d23d6\" data-element_type=\"widget\" data-widget_type=\"text-editor.default\">\n\t\t\t\t<div class=\"elementor-widget-container\">\n\t\t\t\t\t\t\t\t\t<p><i>\u00ab\u00a1Estoy completamente impresionado por todo lo que se hizo por nosotros! \u00a1Todo se manej\u00f3 perfectamente!\u00bb<\/i><\/p>\n\n<p><i style=\"color: var( --e-global-color-accent ); background-color: var( --e-global-color-primary );\">\u2013 Scott Bull, Hidden Doorways<\/i><\/p>\t\t\t\t\t\t\t\t<\/div>\n\t\t\t\t<\/div>\n\t\t\t\t\t<\/div>\n\t\t<\/div>\n\t\t\t\t<div class=\"elementor-column elementor-col-33 elementor-top-column elementor-element elementor-element-f7548ad\" data-id=\"f7548ad\" data-element_type=\"column\">\n\t\t\t<div class=\"elementor-widget-wrap elementor-element-populated\">\n\t\t\t\t\t\t<div class=\"elementor-element elementor-element-6d4c570 elementor-widget elementor-widget-image\" data-id=\"6d4c570\" data-element_type=\"widget\" data-widget_type=\"image.default\">\n\t\t\t\t<div class=\"elementor-widget-container\">\n\t\t\t\t\t\t\t\t\t\t\t\t\t\t\t<img decoding=\"async\" width=\"153\" height=\"136\" src=\"https:\/\/panamatrails.com\/wp-content\/uploads\/2021\/11\/noun_Quote_453953@2x.png\" class=\"attachment-large size-large wp-image-4867\" alt=\"\" \/>\t\t\t\t\t\t\t\t\t\t\t\t\t\t\t<\/div>\n\t\t\t\t<\/div>\n\t\t\t\t\t<\/div>\n\t\t<\/div>\n\t\t\t\t\t<\/div>\n\t\t<\/section>\n\t\t\t\t<\/div>\n\t\t","protected":false},"excerpt":{"rendered":"<p>\u00a1Maravilloso! \u00a1D\u00edganos exactamente lo que est\u00e1 buscando y comenzaremos con su itinerario personalizado! Para ver los T\u00e9rminos y Condiciones: HAGA CLIC AQU\u00cd \u00a1Todo se manej\u00f3 perfectamente! \u00ab\u00a1Estoy completamente impresionado por todo lo que se hizo por nosotros! \u00a1Todo se manej\u00f3 perfectamente!\u00bb \u2013 Scott Bull, Hidden Doorways<\/p>\n","protected":false},"author":1,"featured_media":0,"parent":0,"menu_order":0,"comment_status":"closed","ping_status":"closed","template":"","meta":{"cybocfi_hide_featured_image":"","footnotes":""},"class_list":["post-5280","page","type-page","status-publish","hentry"],"yoast_head":"<!-- This site is optimized with the Yoast SEO plugin v26.3 - https:\/\/yoast.com\/wordpress\/plugins\/seo\/ -->\n<title>Elabore Su Itinerario - Panama Trails<\/title>\n<meta name=\"robots\" content=\"index, follow, max-snippet:-1, max-image-preview:large, max-video-preview:-1\" \/>\n<link rel=\"canonical\" href=\"https:\/\/panamatrails.com\/es\/elabore-su-itinerario\/\" \/>\n<meta property=\"og:locale\" content=\"es_ES\" \/>\n<meta property=\"og:type\" content=\"article\" \/>\n<meta property=\"og:title\" content=\"Elabore Su Itinerario - Panama Trails\" \/>\n<meta property=\"og:description\" content=\"\u00a1Maravilloso! \u00a1D\u00edganos exactamente lo que est\u00e1 buscando y comenzaremos con su itinerario personalizado! Para ver los T\u00e9rminos y Condiciones: HAGA CLIC AQU\u00cd \u00a1Todo se manej\u00f3 perfectamente! \u00ab\u00a1Estoy completamente impresionado por todo lo que se hizo por nosotros! \u00a1Todo se manej\u00f3 perfectamente!\u00bb \u2013 Scott Bull, Hidden Doorways\" \/>\n<meta property=\"og:url\" content=\"https:\/\/panamatrails.com\/es\/elabore-su-itinerario\/\" \/>\n<meta property=\"og:site_name\" content=\"Panama Trails\" \/>\n<meta property=\"article:modified_time\" content=\"2023-11-30T21:03:26+00:00\" \/>\n<meta property=\"og:image\" content=\"https:\/\/panamatrails.com\/wp-content\/uploads\/2021\/11\/noun_Arrow_5438@2x.png\" \/>\n<meta name=\"twitter:card\" content=\"summary_large_image\" \/>\n<script type=\"application\/ld+json\" class=\"yoast-schema-graph\">{\"@context\":\"https:\/\/schema.org\",\"@graph\":[{\"@type\":\"WebPage\",\"@id\":\"https:\/\/panamatrails.com\/es\/elabore-su-itinerario\/\",\"url\":\"https:\/\/panamatrails.com\/es\/elabore-su-itinerario\/\",\"name\":\"Elabore Su Itinerario - Panama Trails\",\"isPartOf\":{\"@id\":\"https:\/\/panamatrails.com\/es\/#website\"},\"primaryImageOfPage\":{\"@id\":\"https:\/\/panamatrails.com\/es\/elabore-su-itinerario\/#primaryimage\"},\"image\":{\"@id\":\"https:\/\/panamatrails.com\/es\/elabore-su-itinerario\/#primaryimage\"},\"thumbnailUrl\":\"https:\/\/panamatrails.com\/wp-content\/uploads\/2021\/11\/noun_Arrow_5438@2x.png\",\"datePublished\":\"2021-11-22T16:06:27+00:00\",\"dateModified\":\"2023-11-30T21:03:26+00:00\",\"breadcrumb\":{\"@id\":\"https:\/\/panamatrails.com\/es\/elabore-su-itinerario\/#breadcrumb\"},\"inLanguage\":\"es\",\"potentialAction\":[{\"@type\":\"ReadAction\",\"target\":[\"https:\/\/panamatrails.com\/es\/elabore-su-itinerario\/\"]}]},{\"@type\":\"ImageObject\",\"inLanguage\":\"es\",\"@id\":\"https:\/\/panamatrails.com\/es\/elabore-su-itinerario\/#primaryimage\",\"url\":\"https:\/\/panamatrails.com\/wp-content\/uploads\/2021\/11\/noun_Arrow_5438@2x.png\",\"contentUrl\":\"https:\/\/panamatrails.com\/wp-content\/uploads\/2021\/11\/noun_Arrow_5438@2x.png\"},{\"@type\":\"BreadcrumbList\",\"@id\":\"https:\/\/panamatrails.com\/es\/elabore-su-itinerario\/#breadcrumb\",\"itemListElement\":[{\"@type\":\"ListItem\",\"position\":1,\"name\":\"Home\",\"item\":\"https:\/\/panamatrails.com\/es\/\"},{\"@type\":\"ListItem\",\"position\":2,\"name\":\"Elabore Su Itinerario\"}]},{\"@type\":\"WebSite\",\"@id\":\"https:\/\/panamatrails.com\/es\/#website\",\"url\":\"https:\/\/panamatrails.com\/es\/\",\"name\":\"Panama Trails\",\"description\":\"Panama Trails\",\"publisher\":{\"@id\":\"https:\/\/panamatrails.com\/es\/#organization\"},\"potentialAction\":[{\"@type\":\"SearchAction\",\"target\":{\"@type\":\"EntryPoint\",\"urlTemplate\":\"https:\/\/panamatrails.com\/es\/?s={search_term_string}\"},\"query-input\":{\"@type\":\"PropertyValueSpecification\",\"valueRequired\":true,\"valueName\":\"search_term_string\"}}],\"inLanguage\":\"es\"},{\"@type\":\"Organization\",\"@id\":\"https:\/\/panamatrails.com\/es\/#organization\",\"name\":\"Panama Trails\",\"url\":\"https:\/\/panamatrails.com\/es\/\",\"logo\":{\"@type\":\"ImageObject\",\"inLanguage\":\"es\",\"@id\":\"https:\/\/panamatrails.com\/es\/#\/schema\/logo\/image\/\",\"url\":\"https:\/\/panamatrails.com\/wp-content\/uploads\/2021\/11\/Logo@2x-2.png\",\"contentUrl\":\"https:\/\/panamatrails.com\/wp-content\/uploads\/2021\/11\/Logo@2x-2.png\",\"width\":346,\"height\":228,\"caption\":\"Panama Trails\"},\"image\":{\"@id\":\"https:\/\/panamatrails.com\/es\/#\/schema\/logo\/image\/\"}}]}<\/script>\n<!-- \/ Yoast SEO plugin. -->","yoast_head_json":{"title":"Elabore Su Itinerario - Panama Trails","robots":{"index":"index","follow":"follow","max-snippet":"max-snippet:-1","max-image-preview":"max-image-preview:large","max-video-preview":"max-video-preview:-1"},"canonical":"https:\/\/panamatrails.com\/es\/elabore-su-itinerario\/","og_locale":"es_ES","og_type":"article","og_title":"Elabore Su Itinerario - Panama Trails","og_description":"\u00a1Maravilloso! \u00a1D\u00edganos exactamente lo que est\u00e1 buscando y comenzaremos con su itinerario personalizado! Para ver los T\u00e9rminos y Condiciones: HAGA CLIC AQU\u00cd \u00a1Todo se manej\u00f3 perfectamente! \u00ab\u00a1Estoy completamente impresionado por todo lo que se hizo por nosotros! \u00a1Todo se manej\u00f3 perfectamente!\u00bb \u2013 Scott Bull, Hidden Doorways","og_url":"https:\/\/panamatrails.com\/es\/elabore-su-itinerario\/","og_site_name":"Panama Trails","article_modified_time":"2023-11-30T21:03:26+00:00","og_image":[{"url":"https:\/\/panamatrails.com\/wp-content\/uploads\/2021\/11\/noun_Arrow_5438@2x.png","type":"","width":"","height":""}],"twitter_card":"summary_large_image","schema":{"@context":"https:\/\/schema.org","@graph":[{"@type":"WebPage","@id":"https:\/\/panamatrails.com\/es\/elabore-su-itinerario\/","url":"https:\/\/panamatrails.com\/es\/elabore-su-itinerario\/","name":"Elabore Su Itinerario - Panama Trails","isPartOf":{"@id":"https:\/\/panamatrails.com\/es\/#website"},"primaryImageOfPage":{"@id":"https:\/\/panamatrails.com\/es\/elabore-su-itinerario\/#primaryimage"},"image":{"@id":"https:\/\/panamatrails.com\/es\/elabore-su-itinerario\/#primaryimage"},"thumbnailUrl":"https:\/\/panamatrails.com\/wp-content\/uploads\/2021\/11\/noun_Arrow_5438@2x.png","datePublished":"2021-11-22T16:06:27+00:00","dateModified":"2023-11-30T21:03:26+00:00","breadcrumb":{"@id":"https:\/\/panamatrails.com\/es\/elabore-su-itinerario\/#breadcrumb"},"inLanguage":"es","potentialAction":[{"@type":"ReadAction","target":["https:\/\/panamatrails.com\/es\/elabore-su-itinerario\/"]}]},{"@type":"ImageObject","inLanguage":"es","@id":"https:\/\/panamatrails.com\/es\/elabore-su-itinerario\/#primaryimage","url":"https:\/\/panamatrails.com\/wp-content\/uploads\/2021\/11\/noun_Arrow_5438@2x.png","contentUrl":"https:\/\/panamatrails.com\/wp-content\/uploads\/2021\/11\/noun_Arrow_5438@2x.png"},{"@type":"BreadcrumbList","@id":"https:\/\/panamatrails.com\/es\/elabore-su-itinerario\/#breadcrumb","itemListElement":[{"@type":"ListItem","position":1,"name":"Home","item":"https:\/\/panamatrails.com\/es\/"},{"@type":"ListItem","position":2,"name":"Elabore Su Itinerario"}]},{"@type":"WebSite","@id":"https:\/\/panamatrails.com\/es\/#website","url":"https:\/\/panamatrails.com\/es\/","name":"Panama Trails","description":"Panama Trails","publisher":{"@id":"https:\/\/panamatrails.com\/es\/#organization"},"potentialAction":[{"@type":"SearchAction","target":{"@type":"EntryPoint","urlTemplate":"https:\/\/panamatrails.com\/es\/?s={search_term_string}"},"query-input":{"@type":"PropertyValueSpecification","valueRequired":true,"valueName":"search_term_string"}}],"inLanguage":"es"},{"@type":"Organization","@id":"https:\/\/panamatrails.com\/es\/#organization","name":"Panama Trails","url":"https:\/\/panamatrails.com\/es\/","logo":{"@type":"ImageObject","inLanguage":"es","@id":"https:\/\/panamatrails.com\/es\/#\/schema\/logo\/image\/","url":"https:\/\/panamatrails.com\/wp-content\/uploads\/2021\/11\/Logo@2x-2.png","contentUrl":"https:\/\/panamatrails.com\/wp-content\/uploads\/2021\/11\/Logo@2x-2.png","width":346,"height":228,"caption":"Panama Trails"},"image":{"@id":"https:\/\/panamatrails.com\/es\/#\/schema\/logo\/image\/"}}]}},"_links":{"self":[{"href":"https:\/\/panamatrails.com\/es\/wp-json\/wp\/v2\/pages\/5280","targetHints":{"allow":["GET"]}}],"collection":[{"href":"https:\/\/panamatrails.com\/es\/wp-json\/wp\/v2\/pages"}],"about":[{"href":"https:\/\/panamatrails.com\/es\/wp-json\/wp\/v2\/types\/page"}],"author":[{"embeddable":true,"href":"https:\/\/panamatrails.com\/es\/wp-json\/wp\/v2\/users\/1"}],"replies":[{"embeddable":true,"href":"https:\/\/panamatrails.com\/es\/wp-json\/wp\/v2\/comments?post=5280"}],"version-history":[{"count":7,"href":"https:\/\/panamatrails.com\/es\/wp-json\/wp\/v2\/pages\/5280\/revisions"}],"predecessor-version":[{"id":6339,"href":"https:\/\/panamatrails.com\/es\/wp-json\/wp\/v2\/pages\/5280\/revisions\/6339"}],"wp:attachment":[{"href":"https:\/\/panamatrails.com\/es\/wp-json\/wp\/v2\/media?parent=5280"}],"curies":[{"name":"wp","href":"https:\/\/api.w.org\/{rel}","templated":true}]}}