{"id":5264,"date":"2021-11-24T05:32:51","date_gmt":"2021-11-24T05:32:51","guid":{"rendered":"https:\/\/panamatrails.com\/acceso-al-centro-de-medios\/"},"modified":"2023-03-05T01:51:34","modified_gmt":"2023-03-05T01:51:34","slug":"acceso-al-centro-de-medios","status":"publish","type":"page","link":"https:\/\/panamatrails.com\/es\/acceso-al-centro-de-medios\/","title":{"rendered":"Acceso al Centro de Medios"},"content":{"rendered":"\t\t<div data-elementor-type=\"wp-page\" data-elementor-id=\"5264\" class=\"elementor elementor-5264 elementor-711\" data-elementor-post-type=\"page\">\n\t\t\t\t\t\t<section class=\"elementor-section elementor-top-section elementor-element elementor-element-093332d elementor-section-height-min-height elementor-section-items-stretch elementor-section-full_width elementor-reverse-tablet elementor-reverse-mobile elementor-section-height-default\" data-id=\"093332d\" data-element_type=\"section\" data-settings=\"{&quot;background_background&quot;:&quot;classic&quot;}\">\n\t\t\t\t\t\t<div class=\"elementor-container elementor-column-gap-default\">\n\t\t\t\t\t<div class=\"elementor-column elementor-col-100 elementor-top-column elementor-element elementor-element-0e842f6\" data-id=\"0e842f6\" data-element_type=\"column\" data-settings=\"{&quot;background_background&quot;:&quot;classic&quot;,&quot;background_motion_fx_motion_fx_scrolling&quot;:&quot;yes&quot;,&quot;background_motion_fx_scale_effect&quot;:&quot;yes&quot;,&quot;background_motion_fx_scale_speed&quot;:{&quot;unit&quot;:&quot;px&quot;,&quot;size&quot;:1,&quot;sizes&quot;:[]},&quot;background_motion_fx_scale_range&quot;:{&quot;unit&quot;:&quot;%&quot;,&quot;size&quot;:&quot;&quot;,&quot;sizes&quot;:{&quot;start&quot;:55,&quot;end&quot;:80}},&quot;background_motion_fx_devices&quot;:[&quot;desktop&quot;],&quot;background_motion_fx_scale_direction&quot;:&quot;out-in&quot;}\">\n\t\t\t<div class=\"elementor-widget-wrap elementor-element-populated\">\n\t\t\t\t\t\t<div class=\"elementor-element elementor-element-a27f6ef elementor-widget elementor-widget-spacer\" data-id=\"a27f6ef\" data-element_type=\"widget\" data-widget_type=\"spacer.default\">\n\t\t\t\t<div class=\"elementor-widget-container\">\n\t\t\t\t\t\t\t<div class=\"elementor-spacer\">\n\t\t\t<div class=\"elementor-spacer-inner\"><\/div>\n\t\t<\/div>\n\t\t\t\t\t\t<\/div>\n\t\t\t\t<\/div>\n\t\t\t\t<div class=\"elementor-element elementor-element-abf8f20 elementor-widget elementor-widget-heading\" data-id=\"abf8f20\" data-element_type=\"widget\" data-widget_type=\"heading.default\">\n\t\t\t\t<div class=\"elementor-widget-container\">\n\t\t\t\t\t<h1 class=\"elementor-heading-title elementor-size-default\">Herramientas Para Ayudarle a Crecer<\/h1>\t\t\t\t<\/div>\n\t\t\t\t<\/div>\n\t\t\t\t<div class=\"elementor-element elementor-element-00a0576 elementor-hidden-mobile elementor-tablet-align-center elementor-widget elementor-widget-button\" data-id=\"00a0576\" data-element_type=\"widget\" data-widget_type=\"button.default\">\n\t\t\t\t<div class=\"elementor-widget-container\">\n\t\t\t\t\t\t\t\t\t<div class=\"elementor-button-wrapper\">\n\t\t\t\t\t<a class=\"elementor-button elementor-button-link elementor-size-lg\" href=\"#signup\">\n\t\t\t\t\t\t<span class=\"elementor-button-content-wrapper\">\n\t\t\t\t\t\t\t\t\t<span class=\"elementor-button-text\">Reg\u00edstrese ahora en el Media Center<\/span>\n\t\t\t\t\t<\/span>\n\t\t\t\t\t<\/a>\n\t\t\t\t<\/div>\n\t\t\t\t\t\t\t\t<\/div>\n\t\t\t\t<\/div>\n\t\t\t\t\t<\/div>\n\t\t<\/div>\n\t\t\t\t\t<\/div>\n\t\t<\/section>\n\t\t\t\t<section class=\"elementor-section elementor-top-section elementor-element elementor-element-da86517 elementor-section-boxed elementor-section-height-default elementor-section-height-default\" data-id=\"da86517\" data-element_type=\"section\">\n\t\t\t\t\t\t<div class=\"elementor-container elementor-column-gap-default\">\n\t\t\t\t\t<div class=\"elementor-column elementor-col-100 elementor-top-column elementor-element elementor-element-ee06a90\" data-id=\"ee06a90\" data-element_type=\"column\">\n\t\t\t<div class=\"elementor-widget-wrap elementor-element-populated\">\n\t\t\t\t\t\t<div class=\"elementor-element elementor-element-f93fed9 elementor-widget elementor-widget-menu-anchor\" data-id=\"f93fed9\" data-element_type=\"widget\" data-widget_type=\"menu-anchor.default\">\n\t\t\t\t<div class=\"elementor-widget-container\">\n\t\t\t\t\t\t\t<div class=\"elementor-menu-anchor\" id=\"sample-itineraries\"><\/div>\n\t\t\t\t\t\t<\/div>\n\t\t\t\t<\/div>\n\t\t\t\t<div class=\"elementor-element elementor-element-65f90ce elementor-widget elementor-widget-heading\" data-id=\"65f90ce\" data-element_type=\"widget\" data-widget_type=\"heading.default\">\n\t\t\t\t<div class=\"elementor-widget-container\">\n\t\t\t\t\t<h2 class=\"elementor-heading-title elementor-size-default\">Vender Panam\u00e1<\/h2>\t\t\t\t<\/div>\n\t\t\t\t<\/div>\n\t\t\t\t<div class=\"elementor-element elementor-element-682703e elementor-widget elementor-widget-heading\" data-id=\"682703e\" data-element_type=\"widget\" data-widget_type=\"heading.default\">\n\t\t\t\t<div class=\"elementor-widget-container\">\n\t\t\t\t\t<h2 class=\"elementor-heading-title elementor-size-default\">con Facilidad<\/h2>\t\t\t\t<\/div>\n\t\t\t\t<\/div>\n\t\t\t\t<div class=\"elementor-element elementor-element-7bf9f8e elementor-widget elementor-widget-spacer\" data-id=\"7bf9f8e\" data-element_type=\"widget\" data-widget_type=\"spacer.default\">\n\t\t\t\t<div class=\"elementor-widget-container\">\n\t\t\t\t\t\t\t<div class=\"elementor-spacer\">\n\t\t\t<div class=\"elementor-spacer-inner\"><\/div>\n\t\t<\/div>\n\t\t\t\t\t\t<\/div>\n\t\t\t\t<\/div>\n\t\t\t\t<div class=\"elementor-element elementor-element-9a62ad1 elementor-widget elementor-widget-text-editor\" data-id=\"9a62ad1\" data-element_type=\"widget\" data-widget_type=\"text-editor.default\">\n\t\t\t\t<div class=\"elementor-widget-container\">\n\t\t\t\t\t\t\t\t\t<p>Nuestro Centro de Medios contiene material GRATIS para ayudarle a vender Panam\u00e1 como su pr\u00f3ximo destino de lujo. Adentro encontrar\u00e1s:<\/p>\n<\/p>\n<ul>\n<li data-gc-list-depth=\"1\" data-gc-list-style=\"bullet\"><strong>La cartera de hoteles y villas:<\/strong> Examine nuestra cartera cuidadosamente seleccionada de alojamientos premium en Panam\u00e1<\/li>\n<\/ul>\n<ul>\n<li data-gc-list-depth=\"1\" data-gc-list-style=\"bullet\"><strong>El Portafolio de Experiencias:<\/strong> Insp\u00edrese con valiosas experiencias y contenido educativo que no se puede encontrar, o sentir, en ning\u00fan otro lugar<\/li>\n<\/ul>\n<ul>\n<li data-gc-list-depth=\"1\" data-gc-list-style=\"bullet\"><strong>Itinerarios de muestra, etiqueta blanca:<\/strong> Impresione a sus clientes con itinerarios detallados que muestran el nivel adicional de servicio que puede esperar con nosotros. Todos los itinerarios de muestra est\u00e1n convenientemente etiquetados en blanco para que de inmediato pueda comenzar a compartirlos con sus clientes.<\/li>\n<\/ul>\n<ul>\n<li data-gc-list-depth=\"1\" data-gc-list-style=\"bullet\"><strong>Impresionantes fotos y videos profesionales:<\/strong> promocione Panam\u00e1 como su pr\u00f3ximo destino de lujo con im\u00e1genes y videos de alta resoluci\u00f3n <\/li>\n<\/ul>\n<ul>\n<li data-gc-list-depth=\"1\" data-gc-list-style=\"bullet\"><strong>Webinars Panama-on-Demand:<\/strong> \u00bfNo nos encontramos en la \u00faltima feria comercial de la industria? No se preocupe, puede encontrar nuestros seminarios web bajo demanda<\/li>\n<\/ul>\n<p>Estamos constantemente actualizando el Centro de Medios con nuevo material.<\/p>\n\t\t\t\t\t\t\t\t<\/div>\n\t\t\t\t<\/div>\n\t\t\t\t<div class=\"elementor-element elementor-element-44249b4 elementor-widget elementor-widget-spacer\" data-id=\"44249b4\" data-element_type=\"widget\" data-widget_type=\"spacer.default\">\n\t\t\t\t<div class=\"elementor-widget-container\">\n\t\t\t\t\t\t\t<div class=\"elementor-spacer\">\n\t\t\t<div class=\"elementor-spacer-inner\"><\/div>\n\t\t<\/div>\n\t\t\t\t\t\t<\/div>\n\t\t\t\t<\/div>\n\t\t\t\t\t<\/div>\n\t\t<\/div>\n\t\t\t\t\t<\/div>\n\t\t<\/section>\n\t\t\t\t<section class=\"elementor-section elementor-top-section elementor-element elementor-element-773f373 elementor-section-boxed elementor-section-height-default elementor-section-height-default\" data-id=\"773f373\" data-element_type=\"section\">\n\t\t\t\t\t\t<div class=\"elementor-container elementor-column-gap-default\">\n\t\t\t\t\t<div class=\"elementor-column elementor-col-100 elementor-top-column elementor-element elementor-element-901ed0b\" data-id=\"901ed0b\" data-element_type=\"column\">\n\t\t\t<div class=\"elementor-widget-wrap elementor-element-populated\">\n\t\t\t\t\t\t<div class=\"elementor-element elementor-element-dc71940 elementor-widget elementor-widget-menu-anchor\" data-id=\"dc71940\" data-element_type=\"widget\" data-widget_type=\"menu-anchor.default\">\n\t\t\t\t<div class=\"elementor-widget-container\">\n\t\t\t\t\t\t\t<div class=\"elementor-menu-anchor\" id=\"signup\"><\/div>\n\t\t\t\t\t\t<\/div>\n\t\t\t\t<\/div>\n\t\t\t\t\t<\/div>\n\t\t<\/div>\n\t\t\t\t\t<\/div>\n\t\t<\/section>\n\t\t\t\t<section class=\"elementor-section elementor-top-section elementor-element elementor-element-8d947ef elementor-section-boxed elementor-section-height-default elementor-section-height-default\" data-id=\"8d947ef\" data-element_type=\"section\" data-settings=\"{&quot;background_background&quot;:&quot;classic&quot;}\">\n\t\t\t\t\t\t<div class=\"elementor-container elementor-column-gap-default\">\n\t\t\t\t\t<div class=\"elementor-column elementor-col-25 elementor-top-column elementor-element elementor-element-342eddf\" data-id=\"342eddf\" data-element_type=\"column\">\n\t\t\t<div class=\"elementor-widget-wrap\">\n\t\t\t\t\t\t\t<\/div>\n\t\t<\/div>\n\t\t\t\t<div class=\"elementor-column elementor-col-50 elementor-top-column elementor-element elementor-element-8dd20ad\" data-id=\"8dd20ad\" data-element_type=\"column\">\n\t\t\t<div class=\"elementor-widget-wrap elementor-element-populated\">\n\t\t\t\t\t\t<div class=\"elementor-element elementor-element-48780f9 elementor-widget elementor-widget-html\" data-id=\"48780f9\" data-element_type=\"widget\" data-widget_type=\"html.default\">\n\t\t\t\t<div class=\"elementor-widget-container\">\n\t\t\t\t\t<script charset=\"utf-8\" type=\"text\/javascript\" src=\"\/\/js.hsforms.net\/forms\/embed\/v2.js\"><\/script>\n<script>\n  hbspt.forms.create({\n    region: \"na1\",\n    portalId: \"21067918\",\n    formId: \"54d806cb-e5e1-4e45-b4b6-b615e495fea9\"\n  });\n<\/script>\t\t\t\t<\/div>\n\t\t\t\t<\/div>\n\t\t\t\t\t<\/div>\n\t\t<\/div>\n\t\t\t\t<div class=\"elementor-column elementor-col-25 elementor-top-column elementor-element elementor-element-c20d564\" data-id=\"c20d564\" data-element_type=\"column\">\n\t\t\t<div class=\"elementor-widget-wrap\">\n\t\t\t\t\t\t\t<\/div>\n\t\t<\/div>\n\t\t\t\t\t<\/div>\n\t\t<\/section>\n\t\t\t\t<\/div>\n\t\t","protected":false},"excerpt":{"rendered":"<p>Herramientas Para Ayudarle a Crecer Reg\u00edstrese ahora en el Media Center Vender Panam\u00e1 con Facilidad Nuestro Centro de Medios contiene material GRATIS para ayudarle a vender Panam\u00e1 como su pr\u00f3ximo destino de lujo. Adentro encontrar\u00e1s: La cartera de hoteles y villas: Examine nuestra cartera cuidadosamente seleccionada de alojamientos premium en Panam\u00e1 El Portafolio de Experiencias: [&hellip;]<\/p>\n","protected":false},"author":1,"featured_media":0,"parent":0,"menu_order":0,"comment_status":"closed","ping_status":"closed","template":"","meta":{"cybocfi_hide_featured_image":"","footnotes":""},"class_list":["post-5264","page","type-page","status-publish","hentry"],"yoast_head":"<!-- This site is optimized with the Yoast SEO plugin v26.3 - https:\/\/yoast.com\/wordpress\/plugins\/seo\/ -->\n<title>Acceso al Centro de Medios - Panama Trails<\/title>\n<meta name=\"robots\" content=\"index, follow, max-snippet:-1, max-image-preview:large, max-video-preview:-1\" \/>\n<link rel=\"canonical\" href=\"https:\/\/panamatrails.com\/es\/acceso-al-centro-de-medios\/\" \/>\n<meta property=\"og:locale\" content=\"es_ES\" \/>\n<meta property=\"og:type\" content=\"article\" \/>\n<meta property=\"og:title\" content=\"Acceso al Centro de Medios - Panama Trails\" \/>\n<meta property=\"og:description\" content=\"Herramientas Para Ayudarle a Crecer Reg\u00edstrese ahora en el Media Center Vender Panam\u00e1 con Facilidad Nuestro Centro de Medios contiene material GRATIS para ayudarle a vender Panam\u00e1 como su pr\u00f3ximo destino de lujo. Adentro encontrar\u00e1s: La cartera de hoteles y villas: Examine nuestra cartera cuidadosamente seleccionada de alojamientos premium en Panam\u00e1 El Portafolio de Experiencias: [&hellip;]\" \/>\n<meta property=\"og:url\" content=\"https:\/\/panamatrails.com\/es\/acceso-al-centro-de-medios\/\" \/>\n<meta property=\"og:site_name\" content=\"Panama Trails\" \/>\n<meta property=\"article:modified_time\" content=\"2023-03-05T01:51:34+00:00\" \/>\n<meta name=\"twitter:card\" content=\"summary_large_image\" \/>\n<meta name=\"twitter:label1\" content=\"Tiempo de lectura\" \/>\n\t<meta name=\"twitter:data1\" content=\"1 minuto\" \/>\n<script type=\"application\/ld+json\" class=\"yoast-schema-graph\">{\"@context\":\"https:\/\/schema.org\",\"@graph\":[{\"@type\":\"WebPage\",\"@id\":\"https:\/\/panamatrails.com\/es\/acceso-al-centro-de-medios\/\",\"url\":\"https:\/\/panamatrails.com\/es\/acceso-al-centro-de-medios\/\",\"name\":\"Acceso al Centro de Medios - Panama Trails\",\"isPartOf\":{\"@id\":\"https:\/\/panamatrails.com\/es\/#website\"},\"datePublished\":\"2021-11-24T05:32:51+00:00\",\"dateModified\":\"2023-03-05T01:51:34+00:00\",\"breadcrumb\":{\"@id\":\"https:\/\/panamatrails.com\/es\/acceso-al-centro-de-medios\/#breadcrumb\"},\"inLanguage\":\"es\",\"potentialAction\":[{\"@type\":\"ReadAction\",\"target\":[\"https:\/\/panamatrails.com\/es\/acceso-al-centro-de-medios\/\"]}]},{\"@type\":\"BreadcrumbList\",\"@id\":\"https:\/\/panamatrails.com\/es\/acceso-al-centro-de-medios\/#breadcrumb\",\"itemListElement\":[{\"@type\":\"ListItem\",\"position\":1,\"name\":\"Home\",\"item\":\"https:\/\/panamatrails.com\/es\/\"},{\"@type\":\"ListItem\",\"position\":2,\"name\":\"Acceso al Centro de Medios\"}]},{\"@type\":\"WebSite\",\"@id\":\"https:\/\/panamatrails.com\/es\/#website\",\"url\":\"https:\/\/panamatrails.com\/es\/\",\"name\":\"Panama Trails\",\"description\":\"Panama Trails\",\"publisher\":{\"@id\":\"https:\/\/panamatrails.com\/es\/#organization\"},\"potentialAction\":[{\"@type\":\"SearchAction\",\"target\":{\"@type\":\"EntryPoint\",\"urlTemplate\":\"https:\/\/panamatrails.com\/es\/?s={search_term_string}\"},\"query-input\":{\"@type\":\"PropertyValueSpecification\",\"valueRequired\":true,\"valueName\":\"search_term_string\"}}],\"inLanguage\":\"es\"},{\"@type\":\"Organization\",\"@id\":\"https:\/\/panamatrails.com\/es\/#organization\",\"name\":\"Panama Trails\",\"url\":\"https:\/\/panamatrails.com\/es\/\",\"logo\":{\"@type\":\"ImageObject\",\"inLanguage\":\"es\",\"@id\":\"https:\/\/panamatrails.com\/es\/#\/schema\/logo\/image\/\",\"url\":\"https:\/\/panamatrails.com\/wp-content\/uploads\/2021\/11\/Logo@2x-2.png\",\"contentUrl\":\"https:\/\/panamatrails.com\/wp-content\/uploads\/2021\/11\/Logo@2x-2.png\",\"width\":346,\"height\":228,\"caption\":\"Panama Trails\"},\"image\":{\"@id\":\"https:\/\/panamatrails.com\/es\/#\/schema\/logo\/image\/\"}}]}<\/script>\n<!-- \/ Yoast SEO plugin. -->","yoast_head_json":{"title":"Acceso al Centro de Medios - Panama Trails","robots":{"index":"index","follow":"follow","max-snippet":"max-snippet:-1","max-image-preview":"max-image-preview:large","max-video-preview":"max-video-preview:-1"},"canonical":"https:\/\/panamatrails.com\/es\/acceso-al-centro-de-medios\/","og_locale":"es_ES","og_type":"article","og_title":"Acceso al Centro de Medios - Panama Trails","og_description":"Herramientas Para Ayudarle a Crecer Reg\u00edstrese ahora en el Media Center Vender Panam\u00e1 con Facilidad Nuestro Centro de Medios contiene material GRATIS para ayudarle a vender Panam\u00e1 como su pr\u00f3ximo destino de lujo. Adentro encontrar\u00e1s: La cartera de hoteles y villas: Examine nuestra cartera cuidadosamente seleccionada de alojamientos premium en Panam\u00e1 El Portafolio de Experiencias: [&hellip;]","og_url":"https:\/\/panamatrails.com\/es\/acceso-al-centro-de-medios\/","og_site_name":"Panama Trails","article_modified_time":"2023-03-05T01:51:34+00:00","twitter_card":"summary_large_image","twitter_misc":{"Tiempo de lectura":"1 minuto"},"schema":{"@context":"https:\/\/schema.org","@graph":[{"@type":"WebPage","@id":"https:\/\/panamatrails.com\/es\/acceso-al-centro-de-medios\/","url":"https:\/\/panamatrails.com\/es\/acceso-al-centro-de-medios\/","name":"Acceso al Centro de Medios - Panama Trails","isPartOf":{"@id":"https:\/\/panamatrails.com\/es\/#website"},"datePublished":"2021-11-24T05:32:51+00:00","dateModified":"2023-03-05T01:51:34+00:00","breadcrumb":{"@id":"https:\/\/panamatrails.com\/es\/acceso-al-centro-de-medios\/#breadcrumb"},"inLanguage":"es","potentialAction":[{"@type":"ReadAction","target":["https:\/\/panamatrails.com\/es\/acceso-al-centro-de-medios\/"]}]},{"@type":"BreadcrumbList","@id":"https:\/\/panamatrails.com\/es\/acceso-al-centro-de-medios\/#breadcrumb","itemListElement":[{"@type":"ListItem","position":1,"name":"Home","item":"https:\/\/panamatrails.com\/es\/"},{"@type":"ListItem","position":2,"name":"Acceso al Centro de Medios"}]},{"@type":"WebSite","@id":"https:\/\/panamatrails.com\/es\/#website","url":"https:\/\/panamatrails.com\/es\/","name":"Panama Trails","description":"Panama Trails","publisher":{"@id":"https:\/\/panamatrails.com\/es\/#organization"},"potentialAction":[{"@type":"SearchAction","target":{"@type":"EntryPoint","urlTemplate":"https:\/\/panamatrails.com\/es\/?s={search_term_string}"},"query-input":{"@type":"PropertyValueSpecification","valueRequired":true,"valueName":"search_term_string"}}],"inLanguage":"es"},{"@type":"Organization","@id":"https:\/\/panamatrails.com\/es\/#organization","name":"Panama Trails","url":"https:\/\/panamatrails.com\/es\/","logo":{"@type":"ImageObject","inLanguage":"es","@id":"https:\/\/panamatrails.com\/es\/#\/schema\/logo\/image\/","url":"https:\/\/panamatrails.com\/wp-content\/uploads\/2021\/11\/Logo@2x-2.png","contentUrl":"https:\/\/panamatrails.com\/wp-content\/uploads\/2021\/11\/Logo@2x-2.png","width":346,"height":228,"caption":"Panama Trails"},"image":{"@id":"https:\/\/panamatrails.com\/es\/#\/schema\/logo\/image\/"}}]}},"_links":{"self":[{"href":"https:\/\/panamatrails.com\/es\/wp-json\/wp\/v2\/pages\/5264","targetHints":{"allow":["GET"]}}],"collection":[{"href":"https:\/\/panamatrails.com\/es\/wp-json\/wp\/v2\/pages"}],"about":[{"href":"https:\/\/panamatrails.com\/es\/wp-json\/wp\/v2\/types\/page"}],"author":[{"embeddable":true,"href":"https:\/\/panamatrails.com\/es\/wp-json\/wp\/v2\/users\/1"}],"replies":[{"embeddable":true,"href":"https:\/\/panamatrails.com\/es\/wp-json\/wp\/v2\/comments?post=5264"}],"version-history":[{"count":4,"href":"https:\/\/panamatrails.com\/es\/wp-json\/wp\/v2\/pages\/5264\/revisions"}],"predecessor-version":[{"id":5466,"href":"https:\/\/panamatrails.com\/es\/wp-json\/wp\/v2\/pages\/5264\/revisions\/5466"}],"wp:attachment":[{"href":"https:\/\/panamatrails.com\/es\/wp-json\/wp\/v2\/media?parent=5264"}],"curies":[{"name":"wp","href":"https:\/\/api.w.org\/{rel}","templated":true}]}}