{"id":5256,"date":"2021-11-28T19:33:59","date_gmt":"2021-11-28T19:33:59","guid":{"rendered":"https:\/\/panamatrails.com\/webinar-en-panama\/"},"modified":"2024-01-31T21:55:15","modified_gmt":"2024-01-31T21:55:15","slug":"webinar-en-panama","status":"publish","type":"page","link":"https:\/\/panamatrails.com\/es\/webinar-en-panama\/","title":{"rendered":"Webinar en Panam\u00e1"},"content":{"rendered":"\t\t<div data-elementor-type=\"wp-page\" data-elementor-id=\"5256\" class=\"elementor elementor-5256 elementor-803\" data-elementor-post-type=\"page\">\n\t\t\t\t\t\t<section class=\"elementor-section elementor-top-section elementor-element elementor-element-aba7f56 elementor-section-height-min-height elementor-section-items-stretch elementor-section-full_width elementor-reverse-tablet elementor-reverse-mobile elementor-section-height-default\" data-id=\"aba7f56\" data-element_type=\"section\" data-settings=\"{&quot;background_background&quot;:&quot;classic&quot;}\">\n\t\t\t\t\t\t\t<div class=\"elementor-background-overlay\"><\/div>\n\t\t\t\t\t\t\t<div class=\"elementor-container elementor-column-gap-default\">\n\t\t\t\t\t<div class=\"elementor-column elementor-col-100 elementor-top-column elementor-element elementor-element-318afbf\" data-id=\"318afbf\" data-element_type=\"column\" data-settings=\"{&quot;background_background&quot;:&quot;classic&quot;,&quot;background_motion_fx_motion_fx_scrolling&quot;:&quot;yes&quot;,&quot;background_motion_fx_scale_effect&quot;:&quot;yes&quot;,&quot;background_motion_fx_scale_speed&quot;:{&quot;unit&quot;:&quot;px&quot;,&quot;size&quot;:1,&quot;sizes&quot;:[]},&quot;background_motion_fx_scale_range&quot;:{&quot;unit&quot;:&quot;%&quot;,&quot;size&quot;:&quot;&quot;,&quot;sizes&quot;:{&quot;start&quot;:55,&quot;end&quot;:80}},&quot;background_motion_fx_devices&quot;:[&quot;desktop&quot;],&quot;background_motion_fx_scale_direction&quot;:&quot;out-in&quot;}\">\n\t\t\t<div class=\"elementor-widget-wrap elementor-element-populated\">\n\t\t\t\t\t<div class=\"elementor-background-overlay\"><\/div>\n\t\t\t\t\t\t<div class=\"elementor-element elementor-element-0397db3 elementor-widget elementor-widget-spacer\" data-id=\"0397db3\" data-element_type=\"widget\" data-widget_type=\"spacer.default\">\n\t\t\t\t<div class=\"elementor-widget-container\">\n\t\t\t\t\t\t\t<div class=\"elementor-spacer\">\n\t\t\t<div class=\"elementor-spacer-inner\"><\/div>\n\t\t<\/div>\n\t\t\t\t\t\t<\/div>\n\t\t\t\t<\/div>\n\t\t\t\t<div class=\"elementor-element elementor-element-00e7dc6 elementor-widget elementor-widget-heading\" data-id=\"00e7dc6\" data-element_type=\"widget\" data-widget_type=\"heading.default\">\n\t\t\t\t<div class=\"elementor-widget-container\">\n\t\t\t\t\t<h1 class=\"elementor-heading-title elementor-size-default\">Estamos Aqu\u00ed Para Ayudarle a Brillar\n\n<\/h1>\t\t\t\t<\/div>\n\t\t\t\t<\/div>\n\t\t\t\t\t<\/div>\n\t\t<\/div>\n\t\t\t\t\t<\/div>\n\t\t<\/section>\n\t\t\t\t<section class=\"elementor-section elementor-top-section elementor-element elementor-element-bab55c5 elementor-section-boxed elementor-section-height-default elementor-section-height-default\" data-id=\"bab55c5\" data-element_type=\"section\">\n\t\t\t\t\t\t<div class=\"elementor-container elementor-column-gap-default\">\n\t\t\t\t\t<div class=\"elementor-column elementor-col-100 elementor-top-column elementor-element elementor-element-a9c47e5\" data-id=\"a9c47e5\" data-element_type=\"column\">\n\t\t\t<div class=\"elementor-widget-wrap elementor-element-populated\">\n\t\t\t\t\t\t<div class=\"elementor-element elementor-element-e133dfe elementor-nav-menu__align-center elementor-nav-menu--dropdown-mobile elementor-nav-menu--stretch elementor-nav-menu__text-align-center elementor-nav-menu--toggle elementor-nav-menu--burger elementor-widget elementor-widget-nav-menu\" data-id=\"e133dfe\" data-element_type=\"widget\" data-settings=\"{&quot;full_width&quot;:&quot;stretch&quot;,&quot;layout&quot;:&quot;horizontal&quot;,&quot;submenu_icon&quot;:{&quot;value&quot;:&quot;&lt;i class=\\&quot;fas fa-caret-down\\&quot; aria-hidden=\\&quot;true\\&quot;&gt;&lt;\\\/i&gt;&quot;,&quot;library&quot;:&quot;fa-solid&quot;},&quot;toggle&quot;:&quot;burger&quot;}\" data-widget_type=\"nav-menu.default\">\n\t\t\t\t<div class=\"elementor-widget-container\">\n\t\t\t\t\t\t\t\t<nav aria-label=\"Men\u00fa\" class=\"elementor-nav-menu--main elementor-nav-menu__container elementor-nav-menu--layout-horizontal e--pointer-none\">\n\t\t\t\t<ul id=\"menu-1-e133dfe\" class=\"elementor-nav-menu\"><li class=\"menu-item menu-item-type-custom menu-item-object-custom menu-item-5380\"><a href=\"#webinar-on-panama\" class=\"elementor-item elementor-item-anchor\">Webinar sobre Panam\u00e1<\/a><\/li>\n<li class=\"menu-item menu-item-type-custom menu-item-object-custom menu-item-5381\"><a href=\"#access-the-webinar\" class=\"elementor-item elementor-item-anchor\">Acceder al webinar<\/a><\/li>\n<\/ul>\t\t\t<\/nav>\n\t\t\t\t\t<div class=\"elementor-menu-toggle\" role=\"button\" tabindex=\"0\" aria-label=\"Alternar men\u00fa\" aria-expanded=\"false\">\n\t\t\t<i aria-hidden=\"true\" role=\"presentation\" class=\"elementor-menu-toggle__icon--open eicon-menu-bar\"><\/i><i aria-hidden=\"true\" role=\"presentation\" class=\"elementor-menu-toggle__icon--close eicon-close\"><\/i>\t\t<\/div>\n\t\t\t\t\t<nav class=\"elementor-nav-menu--dropdown elementor-nav-menu__container\" aria-hidden=\"true\">\n\t\t\t\t<ul id=\"menu-2-e133dfe\" class=\"elementor-nav-menu\"><li class=\"menu-item menu-item-type-custom menu-item-object-custom menu-item-5380\"><a href=\"#webinar-on-panama\" class=\"elementor-item elementor-item-anchor\" tabindex=\"-1\">Webinar sobre Panam\u00e1<\/a><\/li>\n<li class=\"menu-item menu-item-type-custom menu-item-object-custom menu-item-5381\"><a href=\"#access-the-webinar\" class=\"elementor-item elementor-item-anchor\" tabindex=\"-1\">Acceder al webinar<\/a><\/li>\n<\/ul>\t\t\t<\/nav>\n\t\t\t\t\t\t<\/div>\n\t\t\t\t<\/div>\n\t\t\t\t\t<\/div>\n\t\t<\/div>\n\t\t\t\t\t<\/div>\n\t\t<\/section>\n\t\t\t\t<section class=\"elementor-section elementor-top-section elementor-element elementor-element-9f9bd16 elementor-section-boxed elementor-section-height-default elementor-section-height-default\" data-id=\"9f9bd16\" data-element_type=\"section\">\n\t\t\t\t\t\t<div class=\"elementor-container elementor-column-gap-default\">\n\t\t\t\t\t<div class=\"elementor-column elementor-col-100 elementor-top-column elementor-element elementor-element-4af4cb2\" data-id=\"4af4cb2\" data-element_type=\"column\">\n\t\t\t<div class=\"elementor-widget-wrap elementor-element-populated\">\n\t\t\t\t\t\t<div class=\"elementor-element elementor-element-e75f766 elementor-widget elementor-widget-menu-anchor\" data-id=\"e75f766\" data-element_type=\"widget\" data-widget_type=\"menu-anchor.default\">\n\t\t\t\t<div class=\"elementor-widget-container\">\n\t\t\t\t\t\t\t<div class=\"elementor-menu-anchor\" id=\"webinar-on-panama\"><\/div>\n\t\t\t\t\t\t<\/div>\n\t\t\t\t<\/div>\n\t\t\t\t\t<\/div>\n\t\t<\/div>\n\t\t\t\t\t<\/div>\n\t\t<\/section>\n\t\t\t\t<section class=\"elementor-section elementor-top-section elementor-element elementor-element-d1682f1 elementor-section-boxed elementor-section-height-default elementor-section-height-default\" data-id=\"d1682f1\" data-element_type=\"section\">\n\t\t\t\t\t\t<div class=\"elementor-container elementor-column-gap-default\">\n\t\t\t\t\t<div class=\"elementor-column elementor-col-100 elementor-top-column elementor-element elementor-element-401bfec\" data-id=\"401bfec\" data-element_type=\"column\">\n\t\t\t<div class=\"elementor-widget-wrap elementor-element-populated\">\n\t\t\t\t\t\t<div class=\"elementor-element elementor-element-5976119 elementor-widget elementor-widget-heading\" data-id=\"5976119\" data-element_type=\"widget\" data-widget_type=\"heading.default\">\n\t\t\t\t<div class=\"elementor-widget-container\">\n\t\t\t\t\t<h2 class=\"elementor-heading-title elementor-size-default\">Panam\u00e1,<\/h2>\t\t\t\t<\/div>\n\t\t\t\t<\/div>\n\t\t\t\t<div class=\"elementor-element elementor-element-95ca871 elementor-widget elementor-widget-heading\" data-id=\"95ca871\" data-element_type=\"widget\" data-widget_type=\"heading.default\">\n\t\t\t\t<div class=\"elementor-widget-container\">\n\t\t\t\t\t<h2 class=\"elementor-heading-title elementor-size-default\">Bajo Demanda<\/h2>\t\t\t\t<\/div>\n\t\t\t\t<\/div>\n\t\t\t\t<div class=\"elementor-element elementor-element-8ee0b08 elementor-widget elementor-widget-spacer\" data-id=\"8ee0b08\" data-element_type=\"widget\" data-widget_type=\"spacer.default\">\n\t\t\t\t<div class=\"elementor-widget-container\">\n\t\t\t\t\t\t\t<div class=\"elementor-spacer\">\n\t\t\t<div class=\"elementor-spacer-inner\"><\/div>\n\t\t<\/div>\n\t\t\t\t\t\t<\/div>\n\t\t\t\t<\/div>\n\t\t\t\t<div class=\"elementor-element elementor-element-2045827 elementor-widget elementor-widget-text-editor\" data-id=\"2045827\" data-element_type=\"widget\" data-widget_type=\"text-editor.default\">\n\t\t\t\t<div class=\"elementor-widget-container\">\n\t\t\t\t\t\t\t\t\t<p>\u00danase a nosotros para un seminario web por solicitud y ampl\u00ede su conocimiento de nuestro amado Panam\u00e1.<\/p>\n\t\t\t\t\t\t\t\t<\/div>\n\t\t\t\t<\/div>\n\t\t\t\t<div class=\"elementor-element elementor-element-487bf67 elementor-widget elementor-widget-spacer\" data-id=\"487bf67\" data-element_type=\"widget\" data-widget_type=\"spacer.default\">\n\t\t\t\t<div class=\"elementor-widget-container\">\n\t\t\t\t\t\t\t<div class=\"elementor-spacer\">\n\t\t\t<div class=\"elementor-spacer-inner\"><\/div>\n\t\t<\/div>\n\t\t\t\t\t\t<\/div>\n\t\t\t\t<\/div>\n\t\t\t\t<div class=\"elementor-element elementor-element-61f9319 elementor-widget elementor-widget-text-editor\" data-id=\"61f9319\" data-element_type=\"widget\" data-widget_type=\"text-editor.default\">\n\t\t\t\t<div class=\"elementor-widget-container\">\n\t\t\t\t\t\t\t\t\t\n<div class=\"calendly-inline-widget\" style=\"min-width: 320px; height: 980px;\" data-url=\"https:\/\/calendly.com\/crtrails\/panama-webinar?hide_gdpr_banner=1\"><\/div>\n<script type=\"text\/javascript\" src=\"https:\/\/assets.calendly.com\/assets\/external\/widget.js\" async=\"\"><\/script>\n\t\t\t\t\t\t\t\t<\/div>\n\t\t\t\t<\/div>\n\t\t\t\t\t<\/div>\n\t\t<\/div>\n\t\t\t\t\t<\/div>\n\t\t<\/section>\n\t\t\t\t<section class=\"elementor-section elementor-top-section elementor-element elementor-element-a6d441b elementor-section-boxed elementor-section-height-default elementor-section-height-default\" data-id=\"a6d441b\" data-element_type=\"section\">\n\t\t\t\t\t\t<div class=\"elementor-container elementor-column-gap-default\">\n\t\t\t\t\t<div class=\"elementor-column elementor-col-100 elementor-top-column elementor-element elementor-element-6be11bf elementor-hidden-desktop elementor-hidden-tablet elementor-hidden-mobile\" data-id=\"6be11bf\" data-element_type=\"column\">\n\t\t\t<div class=\"elementor-widget-wrap elementor-element-populated\">\n\t\t\t\t\t\t<div class=\"elementor-element elementor-element-87ddc69 elementor-widget elementor-widget-video\" data-id=\"87ddc69\" data-element_type=\"widget\" data-settings=\"{&quot;youtube_url&quot;:&quot;https:\\\/\\\/www.youtube.com\\\/watch?v=XHOmBV4js_E&quot;,&quot;video_type&quot;:&quot;youtube&quot;,&quot;controls&quot;:&quot;yes&quot;}\" data-widget_type=\"video.default\">\n\t\t\t\t<div class=\"elementor-widget-container\">\n\t\t\t\t\t\t\t<div class=\"elementor-wrapper elementor-open-inline\">\n\t\t\t<div class=\"elementor-video\"><\/div>\t\t<\/div>\n\t\t\t\t\t\t<\/div>\n\t\t\t\t<\/div>\n\t\t\t\t\t<\/div>\n\t\t<\/div>\n\t\t\t\t\t<\/div>\n\t\t<\/section>\n\t\t\t\t<section class=\"elementor-section elementor-top-section elementor-element elementor-element-2172bbd elementor-section-boxed elementor-section-height-default elementor-section-height-default\" data-id=\"2172bbd\" data-element_type=\"section\">\n\t\t\t\t\t\t<div class=\"elementor-container elementor-column-gap-default\">\n\t\t\t\t\t<div class=\"elementor-column elementor-col-100 elementor-top-column elementor-element elementor-element-d979596\" data-id=\"d979596\" data-element_type=\"column\">\n\t\t\t<div class=\"elementor-widget-wrap elementor-element-populated\">\n\t\t\t\t\t\t<div class=\"elementor-element elementor-element-124b7fd elementor-widget elementor-widget-heading\" data-id=\"124b7fd\" data-element_type=\"widget\" data-widget_type=\"heading.default\">\n\t\t\t\t<div class=\"elementor-widget-container\">\n\t\t\t\t\t<h3 class=\"elementor-heading-title elementor-size-default\">En este seminario web, aprender\u00e1:<\/h3>\t\t\t\t<\/div>\n\t\t\t\t<\/div>\n\t\t\t\t<div class=\"elementor-element elementor-element-c03fcac elementor-widget elementor-widget-spacer\" data-id=\"c03fcac\" data-element_type=\"widget\" data-widget_type=\"spacer.default\">\n\t\t\t\t<div class=\"elementor-widget-container\">\n\t\t\t\t\t\t\t<div class=\"elementor-spacer\">\n\t\t\t<div class=\"elementor-spacer-inner\"><\/div>\n\t\t<\/div>\n\t\t\t\t\t\t<\/div>\n\t\t\t\t<\/div>\n\t\t\t\t<div class=\"elementor-element elementor-element-5ced985 elementor-widget elementor-widget-text-editor\" data-id=\"5ced985\" data-element_type=\"widget\" data-widget_type=\"text-editor.default\">\n\t\t\t\t<div class=\"elementor-widget-container\">\n\t\t\t\t\t\t\t\t\t<ul>\n<li>Las siete regiones de Panam\u00e1 y los destinos menos conocidos que debe conocer<\/li>\n<\/ul>\n<ul>\n<li data-gc-list-depth=\"1\" data-gc-list-style=\"bullet\">Nuestra colecci\u00f3n seleccionada de hoteles y villas premium: hemos seleccionado cuidadosamente cada uno y nos enfocamos en propiedades con alma, ultra privadas y con fuerte sentido de pertenencia<\/li>\n<\/ul>\n<ul>\n<li data-gc-list-depth=\"1\" data-gc-list-style=\"bullet\">Nuestras sugerencias son honestas y actualizadas, listas para viajar a Panam\u00e1 ahora mismo<\/li>\n<\/ul>\n<p>Si es nuevo en la venta de Panam\u00e1, este seminario web est\u00e1 especialmente dise\u00f1ado para satisfacer sus necesidades.<\/p>\n\t\t\t\t\t\t\t\t<\/div>\n\t\t\t\t<\/div>\n\t\t\t\t<div class=\"elementor-element elementor-element-53bcd99 elementor-widget elementor-widget-spacer\" data-id=\"53bcd99\" data-element_type=\"widget\" data-widget_type=\"spacer.default\">\n\t\t\t\t<div class=\"elementor-widget-container\">\n\t\t\t\t\t\t\t<div class=\"elementor-spacer\">\n\t\t\t<div class=\"elementor-spacer-inner\"><\/div>\n\t\t<\/div>\n\t\t\t\t\t\t<\/div>\n\t\t\t\t<\/div>\n\t\t\t\t\t<\/div>\n\t\t<\/div>\n\t\t\t\t\t<\/div>\n\t\t<\/section>\n\t\t\t\t<section class=\"elementor-section elementor-top-section elementor-element elementor-element-fc37d22 elementor-section-boxed elementor-section-height-default elementor-section-height-default\" data-id=\"fc37d22\" data-element_type=\"section\">\n\t\t\t\t\t\t<div class=\"elementor-container elementor-column-gap-default\">\n\t\t\t\t\t<div class=\"elementor-column elementor-col-100 elementor-top-column elementor-element elementor-element-5ed6755\" data-id=\"5ed6755\" data-element_type=\"column\">\n\t\t\t<div class=\"elementor-widget-wrap elementor-element-populated\">\n\t\t\t\t\t\t<div class=\"elementor-element elementor-element-2a9db31 elementor-widget elementor-widget-menu-anchor\" data-id=\"2a9db31\" data-element_type=\"widget\" data-widget_type=\"menu-anchor.default\">\n\t\t\t\t<div class=\"elementor-widget-container\">\n\t\t\t\t\t\t\t<div class=\"elementor-menu-anchor\" id=\"access-the-webinar\"><\/div>\n\t\t\t\t\t\t<\/div>\n\t\t\t\t<\/div>\n\t\t\t\t\t<\/div>\n\t\t<\/div>\n\t\t\t\t\t<\/div>\n\t\t<\/section>\n\t\t\t\t<section class=\"elementor-section elementor-top-section elementor-element elementor-element-57a475c elementor-section-boxed elementor-section-height-default elementor-section-height-default\" data-id=\"57a475c\" data-element_type=\"section\" data-settings=\"{&quot;background_background&quot;:&quot;classic&quot;}\">\n\t\t\t\t\t\t<div class=\"elementor-container elementor-column-gap-default\">\n\t\t\t\t\t<div class=\"elementor-column elementor-col-33 elementor-top-column elementor-element elementor-element-14f64f6\" data-id=\"14f64f6\" data-element_type=\"column\">\n\t\t\t<div class=\"elementor-widget-wrap\">\n\t\t\t\t\t\t\t<\/div>\n\t\t<\/div>\n\t\t\t\t<div class=\"elementor-column elementor-col-33 elementor-top-column elementor-element elementor-element-512e482\" data-id=\"512e482\" data-element_type=\"column\">\n\t\t\t<div class=\"elementor-widget-wrap elementor-element-populated\">\n\t\t\t\t\t\t<div class=\"elementor-element elementor-element-b53d476 elementor-widget elementor-widget-html\" data-id=\"b53d476\" data-element_type=\"widget\" data-widget_type=\"html.default\">\n\t\t\t\t<div class=\"elementor-widget-container\">\n\t\t\t\t\t<script charset=\"utf-8\" type=\"text\/javascript\" src=\"\/\/js.hsforms.net\/forms\/embed\/v2.js\"><\/script>\n<script>\n  hbspt.forms.create({\n    region: \"na1\",\n    portalId: \"21067918\",\n    formId: \"89a0f5db-5f44-4c21-b62f-5bd124fb818f\"\n  });\n<\/script>\t\t\t\t<\/div>\n\t\t\t\t<\/div>\n\t\t\t\t\t<\/div>\n\t\t<\/div>\n\t\t\t\t<div class=\"elementor-column elementor-col-33 elementor-top-column elementor-element elementor-element-2a229e7\" data-id=\"2a229e7\" data-element_type=\"column\">\n\t\t\t<div class=\"elementor-widget-wrap\">\n\t\t\t\t\t\t\t<\/div>\n\t\t<\/div>\n\t\t\t\t\t<\/div>\n\t\t<\/section>\n\t\t\t\t<\/div>\n\t\t","protected":false},"excerpt":{"rendered":"<p>Estamos Aqu\u00ed Para Ayudarle a Sobresalir On Demand: Bajo Demanda \u00danase a nosotros para un seminario web y ampl\u00ede su conocimiento de nuestro querido Panam\u00e1. En este seminario web, usted aprender\u00e1: Las siete regiones de Panam\u00e1 y los destinos menos conocidos que usted debe conocer Nuestra colecci\u00f3n seleccionada de hoteles y villas premium: hemos seleccionado [&hellip;]<\/p>\n","protected":false},"author":1,"featured_media":0,"parent":0,"menu_order":0,"comment_status":"closed","ping_status":"closed","template":"","meta":{"cybocfi_hide_featured_image":"","footnotes":""},"class_list":["post-5256","page","type-page","status-publish","hentry"],"yoast_head":"<!-- This site is optimized with the Yoast SEO plugin v26.3 - https:\/\/yoast.com\/wordpress\/plugins\/seo\/ -->\n<title>Webinar en Panam\u00e1 - Panama Trails<\/title>\n<meta name=\"robots\" content=\"index, follow, max-snippet:-1, max-image-preview:large, max-video-preview:-1\" \/>\n<link rel=\"canonical\" href=\"https:\/\/panamatrails.com\/es\/webinar-en-panama\/\" \/>\n<meta property=\"og:locale\" content=\"es_ES\" \/>\n<meta property=\"og:type\" content=\"article\" \/>\n<meta property=\"og:title\" content=\"Webinar en Panam\u00e1 - Panama Trails\" \/>\n<meta property=\"og:description\" content=\"Estamos Aqu\u00ed Para Ayudarle a Sobresalir On Demand: Bajo Demanda \u00danase a nosotros para un seminario web y ampl\u00ede su conocimiento de nuestro querido Panam\u00e1. En este seminario web, usted aprender\u00e1: Las siete regiones de Panam\u00e1 y los destinos menos conocidos que usted debe conocer Nuestra colecci\u00f3n seleccionada de hoteles y villas premium: hemos seleccionado [&hellip;]\" \/>\n<meta property=\"og:url\" content=\"https:\/\/panamatrails.com\/es\/webinar-en-panama\/\" \/>\n<meta property=\"og:site_name\" content=\"Panama Trails\" \/>\n<meta property=\"article:modified_time\" content=\"2024-01-31T21:55:15+00:00\" \/>\n<meta name=\"twitter:card\" content=\"summary_large_image\" \/>\n<meta name=\"twitter:label1\" content=\"Tiempo de lectura\" \/>\n\t<meta name=\"twitter:data1\" content=\"1 minuto\" \/>\n<script type=\"application\/ld+json\" class=\"yoast-schema-graph\">{\"@context\":\"https:\/\/schema.org\",\"@graph\":[{\"@type\":\"WebPage\",\"@id\":\"https:\/\/panamatrails.com\/es\/webinar-en-panama\/\",\"url\":\"https:\/\/panamatrails.com\/es\/webinar-en-panama\/\",\"name\":\"Webinar en Panam\u00e1 - Panama Trails\",\"isPartOf\":{\"@id\":\"https:\/\/panamatrails.com\/es\/#website\"},\"datePublished\":\"2021-11-28T19:33:59+00:00\",\"dateModified\":\"2024-01-31T21:55:15+00:00\",\"breadcrumb\":{\"@id\":\"https:\/\/panamatrails.com\/es\/webinar-en-panama\/#breadcrumb\"},\"inLanguage\":\"es\",\"potentialAction\":[{\"@type\":\"ReadAction\",\"target\":[\"https:\/\/panamatrails.com\/es\/webinar-en-panama\/\"]}]},{\"@type\":\"BreadcrumbList\",\"@id\":\"https:\/\/panamatrails.com\/es\/webinar-en-panama\/#breadcrumb\",\"itemListElement\":[{\"@type\":\"ListItem\",\"position\":1,\"name\":\"Home\",\"item\":\"https:\/\/panamatrails.com\/es\/\"},{\"@type\":\"ListItem\",\"position\":2,\"name\":\"Webinar en Panam\u00e1\"}]},{\"@type\":\"WebSite\",\"@id\":\"https:\/\/panamatrails.com\/es\/#website\",\"url\":\"https:\/\/panamatrails.com\/es\/\",\"name\":\"Panama Trails\",\"description\":\"Panama Trails\",\"publisher\":{\"@id\":\"https:\/\/panamatrails.com\/es\/#organization\"},\"potentialAction\":[{\"@type\":\"SearchAction\",\"target\":{\"@type\":\"EntryPoint\",\"urlTemplate\":\"https:\/\/panamatrails.com\/es\/?s={search_term_string}\"},\"query-input\":{\"@type\":\"PropertyValueSpecification\",\"valueRequired\":true,\"valueName\":\"search_term_string\"}}],\"inLanguage\":\"es\"},{\"@type\":\"Organization\",\"@id\":\"https:\/\/panamatrails.com\/es\/#organization\",\"name\":\"Panama Trails\",\"url\":\"https:\/\/panamatrails.com\/es\/\",\"logo\":{\"@type\":\"ImageObject\",\"inLanguage\":\"es\",\"@id\":\"https:\/\/panamatrails.com\/es\/#\/schema\/logo\/image\/\",\"url\":\"https:\/\/panamatrails.com\/wp-content\/uploads\/2021\/11\/Logo@2x-2.png\",\"contentUrl\":\"https:\/\/panamatrails.com\/wp-content\/uploads\/2021\/11\/Logo@2x-2.png\",\"width\":346,\"height\":228,\"caption\":\"Panama Trails\"},\"image\":{\"@id\":\"https:\/\/panamatrails.com\/es\/#\/schema\/logo\/image\/\"}}]}<\/script>\n<!-- \/ Yoast SEO plugin. -->","yoast_head_json":{"title":"Webinar en Panam\u00e1 - Panama Trails","robots":{"index":"index","follow":"follow","max-snippet":"max-snippet:-1","max-image-preview":"max-image-preview:large","max-video-preview":"max-video-preview:-1"},"canonical":"https:\/\/panamatrails.com\/es\/webinar-en-panama\/","og_locale":"es_ES","og_type":"article","og_title":"Webinar en Panam\u00e1 - Panama Trails","og_description":"Estamos Aqu\u00ed Para Ayudarle a Sobresalir On Demand: Bajo Demanda \u00danase a nosotros para un seminario web y ampl\u00ede su conocimiento de nuestro querido Panam\u00e1. En este seminario web, usted aprender\u00e1: Las siete regiones de Panam\u00e1 y los destinos menos conocidos que usted debe conocer Nuestra colecci\u00f3n seleccionada de hoteles y villas premium: hemos seleccionado [&hellip;]","og_url":"https:\/\/panamatrails.com\/es\/webinar-en-panama\/","og_site_name":"Panama Trails","article_modified_time":"2024-01-31T21:55:15+00:00","twitter_card":"summary_large_image","twitter_misc":{"Tiempo de lectura":"1 minuto"},"schema":{"@context":"https:\/\/schema.org","@graph":[{"@type":"WebPage","@id":"https:\/\/panamatrails.com\/es\/webinar-en-panama\/","url":"https:\/\/panamatrails.com\/es\/webinar-en-panama\/","name":"Webinar en Panam\u00e1 - Panama Trails","isPartOf":{"@id":"https:\/\/panamatrails.com\/es\/#website"},"datePublished":"2021-11-28T19:33:59+00:00","dateModified":"2024-01-31T21:55:15+00:00","breadcrumb":{"@id":"https:\/\/panamatrails.com\/es\/webinar-en-panama\/#breadcrumb"},"inLanguage":"es","potentialAction":[{"@type":"ReadAction","target":["https:\/\/panamatrails.com\/es\/webinar-en-panama\/"]}]},{"@type":"BreadcrumbList","@id":"https:\/\/panamatrails.com\/es\/webinar-en-panama\/#breadcrumb","itemListElement":[{"@type":"ListItem","position":1,"name":"Home","item":"https:\/\/panamatrails.com\/es\/"},{"@type":"ListItem","position":2,"name":"Webinar en Panam\u00e1"}]},{"@type":"WebSite","@id":"https:\/\/panamatrails.com\/es\/#website","url":"https:\/\/panamatrails.com\/es\/","name":"Panama Trails","description":"Panama Trails","publisher":{"@id":"https:\/\/panamatrails.com\/es\/#organization"},"potentialAction":[{"@type":"SearchAction","target":{"@type":"EntryPoint","urlTemplate":"https:\/\/panamatrails.com\/es\/?s={search_term_string}"},"query-input":{"@type":"PropertyValueSpecification","valueRequired":true,"valueName":"search_term_string"}}],"inLanguage":"es"},{"@type":"Organization","@id":"https:\/\/panamatrails.com\/es\/#organization","name":"Panama Trails","url":"https:\/\/panamatrails.com\/es\/","logo":{"@type":"ImageObject","inLanguage":"es","@id":"https:\/\/panamatrails.com\/es\/#\/schema\/logo\/image\/","url":"https:\/\/panamatrails.com\/wp-content\/uploads\/2021\/11\/Logo@2x-2.png","contentUrl":"https:\/\/panamatrails.com\/wp-content\/uploads\/2021\/11\/Logo@2x-2.png","width":346,"height":228,"caption":"Panama Trails"},"image":{"@id":"https:\/\/panamatrails.com\/es\/#\/schema\/logo\/image\/"}}]}},"_links":{"self":[{"href":"https:\/\/panamatrails.com\/es\/wp-json\/wp\/v2\/pages\/5256","targetHints":{"allow":["GET"]}}],"collection":[{"href":"https:\/\/panamatrails.com\/es\/wp-json\/wp\/v2\/pages"}],"about":[{"href":"https:\/\/panamatrails.com\/es\/wp-json\/wp\/v2\/types\/page"}],"author":[{"embeddable":true,"href":"https:\/\/panamatrails.com\/es\/wp-json\/wp\/v2\/users\/1"}],"replies":[{"embeddable":true,"href":"https:\/\/panamatrails.com\/es\/wp-json\/wp\/v2\/comments?post=5256"}],"version-history":[{"count":5,"href":"https:\/\/panamatrails.com\/es\/wp-json\/wp\/v2\/pages\/5256\/revisions"}],"predecessor-version":[{"id":6422,"href":"https:\/\/panamatrails.com\/es\/wp-json\/wp\/v2\/pages\/5256\/revisions\/6422"}],"wp:attachment":[{"href":"https:\/\/panamatrails.com\/es\/wp-json\/wp\/v2\/media?parent=5256"}],"curies":[{"name":"wp","href":"https:\/\/api.w.org\/{rel}","templated":true}]}}