{"id":5254,"date":"2021-12-17T00:59:10","date_gmt":"2021-12-17T00:59:10","guid":{"rendered":"https:\/\/panamatrails.com\/contactenos\/"},"modified":"2022-12-09T01:54:21","modified_gmt":"2022-12-09T01:54:21","slug":"contactenos","status":"publish","type":"page","link":"https:\/\/panamatrails.com\/es\/contactenos\/","title":{"rendered":"Cont\u00e1ctenos"},"content":{"rendered":"\t\t<div data-elementor-type=\"wp-page\" data-elementor-id=\"5254\" class=\"elementor elementor-5254 elementor-1241\" data-elementor-post-type=\"page\">\n\t\t\t\t\t\t<section class=\"elementor-section elementor-top-section elementor-element elementor-element-64b5031 elementor-section-boxed elementor-section-height-default elementor-section-height-default\" data-id=\"64b5031\" data-element_type=\"section\" data-settings=\"{&quot;background_background&quot;:&quot;classic&quot;}\">\n\t\t\t\t\t\t<div class=\"elementor-container elementor-column-gap-default\">\n\t\t\t\t\t<div class=\"elementor-column elementor-col-100 elementor-top-column elementor-element elementor-element-aa52968\" data-id=\"aa52968\" data-element_type=\"column\">\n\t\t\t<div class=\"elementor-widget-wrap elementor-element-populated\">\n\t\t\t\t\t\t<section class=\"elementor-section elementor-inner-section elementor-element elementor-element-707e005 elementor-section-boxed elementor-section-height-default elementor-section-height-default\" data-id=\"707e005\" data-element_type=\"section\">\n\t\t\t\t\t\t<div class=\"elementor-container elementor-column-gap-default\">\n\t\t\t\t\t<div class=\"elementor-column elementor-col-33 elementor-inner-column elementor-element elementor-element-5c222f2\" data-id=\"5c222f2\" data-element_type=\"column\">\n\t\t\t<div class=\"elementor-widget-wrap elementor-element-populated\">\n\t\t\t\t\t\t<div class=\"elementor-element elementor-element-ef61fb8 elementor-widget elementor-widget-image\" data-id=\"ef61fb8\" data-element_type=\"widget\" data-widget_type=\"image.default\">\n\t\t\t\t<div class=\"elementor-widget-container\">\n\t\t\t\t\t\t\t\t\t\t\t\t\t\t\t<img decoding=\"async\" width=\"200\" height=\"201\" src=\"https:\/\/panamatrails.com\/wp-content\/uploads\/2021\/12\/noun_chat_2812037@2x.png\" class=\"attachment-large size-large wp-image-4962\" alt=\"\" srcset=\"https:\/\/panamatrails.com\/wp-content\/uploads\/2021\/12\/noun_chat_2812037@2x.png 200w, https:\/\/panamatrails.com\/wp-content\/uploads\/2021\/12\/noun_chat_2812037@2x-150x150.png 150w\" sizes=\"(max-width: 200px) 100vw, 200px\" \/>\t\t\t\t\t\t\t\t\t\t\t\t\t\t\t<\/div>\n\t\t\t\t<\/div>\n\t\t\t\t<div class=\"elementor-element elementor-element-63ad702 elementor-widget elementor-widget-text-editor\" data-id=\"63ad702\" data-element_type=\"widget\" data-widget_type=\"text-editor.default\">\n\t\t\t\t<div class=\"elementor-widget-container\">\n\t\t\t\t\t\t\t\t\t<p>\u00bfTiene alguna pregunta? <\/p>\n<p>\u00a1Chate\u00e9 en l\u00ednea con nosotros!<\/p>\n<\/p>\n<p><b><span style=\"color: #ffffff;\">De lunes a viernes:<\/span><\/b><\/p>\n<p><span style=\"font-weight: normal; color: #ffffff;\">8:00 am a 5:00 pm EDT<\/span><\/p>\n<p><span style=\"font-weight: normal; color: #ffffff;\"> <\/span><\/p>\n<p><b><span style=\"color: #ffffff;\">S\u00e1bado:<\/span><\/b><\/p>\n<p><span style=\"font-weight: normal; color: #ffffff;\">8:00 am a 4:00 pm EDT<\/span><\/p>\n\t\t\t\t\t\t\t\t<\/div>\n\t\t\t\t<\/div>\n\t\t\t\t\t<\/div>\n\t\t<\/div>\n\t\t\t\t<div class=\"elementor-column elementor-col-33 elementor-inner-column elementor-element elementor-element-8d6b9ea\" data-id=\"8d6b9ea\" data-element_type=\"column\">\n\t\t\t<div class=\"elementor-widget-wrap elementor-element-populated\">\n\t\t\t\t\t\t<div class=\"elementor-element elementor-element-982b944 elementor-widget elementor-widget-image\" data-id=\"982b944\" data-element_type=\"widget\" data-widget_type=\"image.default\">\n\t\t\t\t<div class=\"elementor-widget-container\">\n\t\t\t\t\t\t\t\t\t\t\t\t\t\t\t<img decoding=\"async\" width=\"200\" height=\"201\" src=\"https:\/\/panamatrails.com\/wp-content\/uploads\/2021\/12\/noun_Email_1198074@2x.png\" class=\"attachment-large size-large wp-image-4963\" alt=\"\" srcset=\"https:\/\/panamatrails.com\/wp-content\/uploads\/2021\/12\/noun_Email_1198074@2x.png 200w, https:\/\/panamatrails.com\/wp-content\/uploads\/2021\/12\/noun_Email_1198074@2x-150x150.png 150w\" sizes=\"(max-width: 200px) 100vw, 200px\" \/>\t\t\t\t\t\t\t\t\t\t\t\t\t\t\t<\/div>\n\t\t\t\t<\/div>\n\t\t\t\t<div class=\"elementor-element elementor-element-b5bf280 elementor-widget elementor-widget-text-editor\" data-id=\"b5bf280\" data-element_type=\"widget\" data-widget_type=\"text-editor.default\">\n\t\t\t\t<div class=\"elementor-widget-container\">\n\t\t\t\t\t\t\t\t\t<p>Departamento de Ventas<\/p>\n<h6><span style=\"color: #ffffff;\">request@panamatrails.com<\/span><\/h6>\n<h6> <\/h6>\n<div>Preguntas Generales Sobre La Planificaci\u00f3n de su viaje:<\/div>\n<div> <\/div>\n<div>\n<h6><span style=\"color: #ffffff;\">request@panamatrails.com<\/span><\/h6>\n<\/div>\n\t\t\t\t\t\t\t\t<\/div>\n\t\t\t\t<\/div>\n\t\t\t\t\t<\/div>\n\t\t<\/div>\n\t\t\t\t<div class=\"elementor-column elementor-col-33 elementor-inner-column elementor-element elementor-element-3b52774\" data-id=\"3b52774\" data-element_type=\"column\">\n\t\t\t<div class=\"elementor-widget-wrap elementor-element-populated\">\n\t\t\t\t\t\t<div class=\"elementor-element elementor-element-171a645 elementor-widget elementor-widget-image\" data-id=\"171a645\" data-element_type=\"widget\" data-widget_type=\"image.default\">\n\t\t\t\t<div class=\"elementor-widget-container\">\n\t\t\t\t\t\t\t\t\t\t\t\t\t\t\t<img decoding=\"async\" width=\"200\" height=\"200\" src=\"https:\/\/panamatrails.com\/wp-content\/uploads\/2021\/12\/noun_Phone_2621686@2x.png\" class=\"attachment-large size-large wp-image-4964\" alt=\"\" srcset=\"https:\/\/panamatrails.com\/wp-content\/uploads\/2021\/12\/noun_Phone_2621686@2x.png 200w, https:\/\/panamatrails.com\/wp-content\/uploads\/2021\/12\/noun_Phone_2621686@2x-150x150.png 150w\" sizes=\"(max-width: 200px) 100vw, 200px\" \/>\t\t\t\t\t\t\t\t\t\t\t\t\t\t\t<\/div>\n\t\t\t\t<\/div>\n\t\t\t\t<div class=\"elementor-element elementor-element-3f99167 elementor-widget elementor-widget-text-editor\" data-id=\"3f99167\" data-element_type=\"widget\" data-widget_type=\"text-editor.default\">\n\t\t\t\t<div class=\"elementor-widget-container\">\n\t\t\t\t\t\t\t\t\t<p>Llamada gratis:<\/p>\n<p><span style=\"color: #ffffff; font-family: Poppins, sans-serif;\"><span style=\"font-weight: 400;\">USA &amp; Canada: 1-888-803-3344<\/span><\/span><\/p>\n<p><span style=\"color: #ffffff;\"><span style=\"font-family: var( --e-global-typography-primary-font-family ), Sans-serif; font-weight: var( --e-global-typography-primary-font-weight ); background-color: var( --e-global-color-primary );\"> <\/span><\/span><\/p>\n<p><span style=\"color: var( --e-global-color-secondary ); font-family: var( --e-global-typography-primary-font-family ), Sans-serif; background-color: var( --e-global-color-primary );\"><span style=\"font-weight: var( --e-global-typography-primary-font-weight );\">Llamada directa:<\/span><br \/><\/span><\/p>\n<p><span style=\"color: #ffffff; font-family: Poppins, sans-serif;\"><span style=\"font-weight: 400;\">Tel: (507) 393-8335 <\/span><\/span><\/p>\n<\/p>\n<p><span style=\"color: #ffffff; font-family: Poppins, sans-serif;\"><span style=\"font-weight: 400;\">Tel: (507) 836-6093<\/span><\/span><\/p>\n<p><span style=\"color: var( --e-global-color-secondary ); font-family: var( --e-global-typography-primary-font-family ), Sans-serif; font-weight: var( --e-global-typography-primary-font-weight ); background-color: var( --e-global-color-primary );\"> <\/span><\/p>\n<p><span style=\"color: var( --e-global-color-secondary ); font-family: var( --e-global-typography-primary-font-family ), Sans-serif; background-color: var( --e-global-color-primary );\"><span style=\"font-weight: var( --e-global-typography-primary-font-weight );\">N\u00famero de emergencia:<\/span><br \/><\/span><\/p>\n<p><span style=\"color: #ffffff; font-family: Poppins, sans-serif;\"><span style=\"font-weight: 400;\">Tel: (507) 6094-3612 <\/span><\/span><\/p>\n<p><span style=\"color: #ffffff; font-family: Poppins, sans-serif;\"><span style=\"font-weight: 400;\">Tel: (507) 6324-4493<\/span><\/span><\/p><\/p>\n\t\t\t\t\t\t\t\t<\/div>\n\t\t\t\t<\/div>\n\t\t\t\t\t<\/div>\n\t\t<\/div>\n\t\t\t\t\t<\/div>\n\t\t<\/section>\n\t\t\t\t\t<\/div>\n\t\t<\/div>\n\t\t\t\t\t<\/div>\n\t\t<\/section>\n\t\t\t\t<\/div>\n\t\t","protected":false},"excerpt":{"rendered":"<p>\u00bfTiene alguna pregunta? \u00a1Chate\u00e9 en l\u00ednea con nosotros! De lunes a viernes: 8:00 am a 5:00 pm EDT S\u00e1bado: 8:00 am a 4:00 pm EDT Departamento de Ventas request@panamatrails.com Preguntas Generales Sobre La Planificaci\u00f3n de su viaje: request@panamatrails.com Llamada gratis: USA &amp; Canada: 1-888-803-3344 Llamada directa: Tel: (507) 393-8335 Tel: (507) 836-6093 N\u00famero de emergencia: [&hellip;]<\/p>\n","protected":false},"author":1,"featured_media":0,"parent":0,"menu_order":0,"comment_status":"closed","ping_status":"closed","template":"","meta":{"cybocfi_hide_featured_image":"","footnotes":""},"class_list":["post-5254","page","type-page","status-publish","hentry"],"yoast_head":"<!-- This site is optimized with the Yoast SEO plugin v26.3 - https:\/\/yoast.com\/wordpress\/plugins\/seo\/ -->\n<title>Cont\u00e1ctenos - Panama Trails<\/title>\n<meta name=\"robots\" content=\"index, follow, max-snippet:-1, max-image-preview:large, max-video-preview:-1\" \/>\n<link rel=\"canonical\" href=\"https:\/\/panamatrails.com\/es\/contactenos\/\" \/>\n<meta property=\"og:locale\" content=\"es_ES\" \/>\n<meta property=\"og:type\" content=\"article\" \/>\n<meta property=\"og:title\" content=\"Cont\u00e1ctenos - Panama Trails\" \/>\n<meta property=\"og:description\" content=\"\u00bfTiene alguna pregunta? \u00a1Chate\u00e9 en l\u00ednea con nosotros! De lunes a viernes: 8:00 am a 5:00 pm EDT S\u00e1bado: 8:00 am a 4:00 pm EDT Departamento de Ventas request@panamatrails.com Preguntas Generales Sobre La Planificaci\u00f3n de su viaje: request@panamatrails.com Llamada gratis: USA &amp; Canada: 1-888-803-3344 Llamada directa: Tel: (507) 393-8335 Tel: (507) 836-6093 N\u00famero de emergencia: [&hellip;]\" \/>\n<meta property=\"og:url\" content=\"https:\/\/panamatrails.com\/es\/contactenos\/\" \/>\n<meta property=\"og:site_name\" content=\"Panama Trails\" \/>\n<meta property=\"article:modified_time\" content=\"2022-12-09T01:54:21+00:00\" \/>\n<meta property=\"og:image\" content=\"https:\/\/panamatrails.com\/wp-content\/uploads\/2021\/12\/noun_chat_2812037@2x.png\" \/>\n<meta name=\"twitter:card\" content=\"summary_large_image\" \/>\n<script type=\"application\/ld+json\" class=\"yoast-schema-graph\">{\"@context\":\"https:\/\/schema.org\",\"@graph\":[{\"@type\":\"WebPage\",\"@id\":\"https:\/\/panamatrails.com\/es\/contactenos\/\",\"url\":\"https:\/\/panamatrails.com\/es\/contactenos\/\",\"name\":\"Cont\u00e1ctenos - Panama Trails\",\"isPartOf\":{\"@id\":\"https:\/\/panamatrails.com\/es\/#website\"},\"primaryImageOfPage\":{\"@id\":\"https:\/\/panamatrails.com\/es\/contactenos\/#primaryimage\"},\"image\":{\"@id\":\"https:\/\/panamatrails.com\/es\/contactenos\/#primaryimage\"},\"thumbnailUrl\":\"https:\/\/panamatrails.com\/wp-content\/uploads\/2021\/12\/noun_chat_2812037@2x.png\",\"datePublished\":\"2021-12-17T00:59:10+00:00\",\"dateModified\":\"2022-12-09T01:54:21+00:00\",\"breadcrumb\":{\"@id\":\"https:\/\/panamatrails.com\/es\/contactenos\/#breadcrumb\"},\"inLanguage\":\"es\",\"potentialAction\":[{\"@type\":\"ReadAction\",\"target\":[\"https:\/\/panamatrails.com\/es\/contactenos\/\"]}]},{\"@type\":\"ImageObject\",\"inLanguage\":\"es\",\"@id\":\"https:\/\/panamatrails.com\/es\/contactenos\/#primaryimage\",\"url\":\"https:\/\/panamatrails.com\/wp-content\/uploads\/2021\/12\/noun_chat_2812037@2x.png\",\"contentUrl\":\"https:\/\/panamatrails.com\/wp-content\/uploads\/2021\/12\/noun_chat_2812037@2x.png\"},{\"@type\":\"BreadcrumbList\",\"@id\":\"https:\/\/panamatrails.com\/es\/contactenos\/#breadcrumb\",\"itemListElement\":[{\"@type\":\"ListItem\",\"position\":1,\"name\":\"Home\",\"item\":\"https:\/\/panamatrails.com\/es\/\"},{\"@type\":\"ListItem\",\"position\":2,\"name\":\"Cont\u00e1ctenos\"}]},{\"@type\":\"WebSite\",\"@id\":\"https:\/\/panamatrails.com\/es\/#website\",\"url\":\"https:\/\/panamatrails.com\/es\/\",\"name\":\"Panama Trails\",\"description\":\"Panama Trails\",\"publisher\":{\"@id\":\"https:\/\/panamatrails.com\/es\/#organization\"},\"potentialAction\":[{\"@type\":\"SearchAction\",\"target\":{\"@type\":\"EntryPoint\",\"urlTemplate\":\"https:\/\/panamatrails.com\/es\/?s={search_term_string}\"},\"query-input\":{\"@type\":\"PropertyValueSpecification\",\"valueRequired\":true,\"valueName\":\"search_term_string\"}}],\"inLanguage\":\"es\"},{\"@type\":\"Organization\",\"@id\":\"https:\/\/panamatrails.com\/es\/#organization\",\"name\":\"Panama Trails\",\"url\":\"https:\/\/panamatrails.com\/es\/\",\"logo\":{\"@type\":\"ImageObject\",\"inLanguage\":\"es\",\"@id\":\"https:\/\/panamatrails.com\/es\/#\/schema\/logo\/image\/\",\"url\":\"https:\/\/panamatrails.com\/wp-content\/uploads\/2021\/11\/Logo@2x-2.png\",\"contentUrl\":\"https:\/\/panamatrails.com\/wp-content\/uploads\/2021\/11\/Logo@2x-2.png\",\"width\":346,\"height\":228,\"caption\":\"Panama Trails\"},\"image\":{\"@id\":\"https:\/\/panamatrails.com\/es\/#\/schema\/logo\/image\/\"}}]}<\/script>\n<!-- \/ Yoast SEO plugin. -->","yoast_head_json":{"title":"Cont\u00e1ctenos - Panama Trails","robots":{"index":"index","follow":"follow","max-snippet":"max-snippet:-1","max-image-preview":"max-image-preview:large","max-video-preview":"max-video-preview:-1"},"canonical":"https:\/\/panamatrails.com\/es\/contactenos\/","og_locale":"es_ES","og_type":"article","og_title":"Cont\u00e1ctenos - Panama Trails","og_description":"\u00bfTiene alguna pregunta? \u00a1Chate\u00e9 en l\u00ednea con nosotros! De lunes a viernes: 8:00 am a 5:00 pm EDT S\u00e1bado: 8:00 am a 4:00 pm EDT Departamento de Ventas request@panamatrails.com Preguntas Generales Sobre La Planificaci\u00f3n de su viaje: request@panamatrails.com Llamada gratis: USA &amp; Canada: 1-888-803-3344 Llamada directa: Tel: (507) 393-8335 Tel: (507) 836-6093 N\u00famero de emergencia: [&hellip;]","og_url":"https:\/\/panamatrails.com\/es\/contactenos\/","og_site_name":"Panama Trails","article_modified_time":"2022-12-09T01:54:21+00:00","og_image":[{"url":"https:\/\/panamatrails.com\/wp-content\/uploads\/2021\/12\/noun_chat_2812037@2x.png","type":"","width":"","height":""}],"twitter_card":"summary_large_image","schema":{"@context":"https:\/\/schema.org","@graph":[{"@type":"WebPage","@id":"https:\/\/panamatrails.com\/es\/contactenos\/","url":"https:\/\/panamatrails.com\/es\/contactenos\/","name":"Cont\u00e1ctenos - Panama Trails","isPartOf":{"@id":"https:\/\/panamatrails.com\/es\/#website"},"primaryImageOfPage":{"@id":"https:\/\/panamatrails.com\/es\/contactenos\/#primaryimage"},"image":{"@id":"https:\/\/panamatrails.com\/es\/contactenos\/#primaryimage"},"thumbnailUrl":"https:\/\/panamatrails.com\/wp-content\/uploads\/2021\/12\/noun_chat_2812037@2x.png","datePublished":"2021-12-17T00:59:10+00:00","dateModified":"2022-12-09T01:54:21+00:00","breadcrumb":{"@id":"https:\/\/panamatrails.com\/es\/contactenos\/#breadcrumb"},"inLanguage":"es","potentialAction":[{"@type":"ReadAction","target":["https:\/\/panamatrails.com\/es\/contactenos\/"]}]},{"@type":"ImageObject","inLanguage":"es","@id":"https:\/\/panamatrails.com\/es\/contactenos\/#primaryimage","url":"https:\/\/panamatrails.com\/wp-content\/uploads\/2021\/12\/noun_chat_2812037@2x.png","contentUrl":"https:\/\/panamatrails.com\/wp-content\/uploads\/2021\/12\/noun_chat_2812037@2x.png"},{"@type":"BreadcrumbList","@id":"https:\/\/panamatrails.com\/es\/contactenos\/#breadcrumb","itemListElement":[{"@type":"ListItem","position":1,"name":"Home","item":"https:\/\/panamatrails.com\/es\/"},{"@type":"ListItem","position":2,"name":"Cont\u00e1ctenos"}]},{"@type":"WebSite","@id":"https:\/\/panamatrails.com\/es\/#website","url":"https:\/\/panamatrails.com\/es\/","name":"Panama Trails","description":"Panama Trails","publisher":{"@id":"https:\/\/panamatrails.com\/es\/#organization"},"potentialAction":[{"@type":"SearchAction","target":{"@type":"EntryPoint","urlTemplate":"https:\/\/panamatrails.com\/es\/?s={search_term_string}"},"query-input":{"@type":"PropertyValueSpecification","valueRequired":true,"valueName":"search_term_string"}}],"inLanguage":"es"},{"@type":"Organization","@id":"https:\/\/panamatrails.com\/es\/#organization","name":"Panama Trails","url":"https:\/\/panamatrails.com\/es\/","logo":{"@type":"ImageObject","inLanguage":"es","@id":"https:\/\/panamatrails.com\/es\/#\/schema\/logo\/image\/","url":"https:\/\/panamatrails.com\/wp-content\/uploads\/2021\/11\/Logo@2x-2.png","contentUrl":"https:\/\/panamatrails.com\/wp-content\/uploads\/2021\/11\/Logo@2x-2.png","width":346,"height":228,"caption":"Panama Trails"},"image":{"@id":"https:\/\/panamatrails.com\/es\/#\/schema\/logo\/image\/"}}]}},"_links":{"self":[{"href":"https:\/\/panamatrails.com\/es\/wp-json\/wp\/v2\/pages\/5254","targetHints":{"allow":["GET"]}}],"collection":[{"href":"https:\/\/panamatrails.com\/es\/wp-json\/wp\/v2\/pages"}],"about":[{"href":"https:\/\/panamatrails.com\/es\/wp-json\/wp\/v2\/types\/page"}],"author":[{"embeddable":true,"href":"https:\/\/panamatrails.com\/es\/wp-json\/wp\/v2\/users\/1"}],"replies":[{"embeddable":true,"href":"https:\/\/panamatrails.com\/es\/wp-json\/wp\/v2\/comments?post=5254"}],"version-history":[{"count":1,"href":"https:\/\/panamatrails.com\/es\/wp-json\/wp\/v2\/pages\/5254\/revisions"}],"predecessor-version":[{"id":5255,"href":"https:\/\/panamatrails.com\/es\/wp-json\/wp\/v2\/pages\/5254\/revisions\/5255"}],"wp:attachment":[{"href":"https:\/\/panamatrails.com\/es\/wp-json\/wp\/v2\/media?parent=5254"}],"curies":[{"name":"wp","href":"https:\/\/api.w.org\/{rel}","templated":true}]}}