{"id":5244,"date":"2021-12-16T18:42:01","date_gmt":"2021-12-16T18:42:01","guid":{"rendered":"https:\/\/panamatrails.com\/terminos-y-condiciones\/"},"modified":"2022-12-09T00:17:20","modified_gmt":"2022-12-09T00:17:20","slug":"terminos-y-condiciones","status":"publish","type":"page","link":"https:\/\/panamatrails.com\/es\/terminos-y-condiciones\/","title":{"rendered":"T\u00e9rminos y condiciones"},"content":{"rendered":"\t\t<div data-elementor-type=\"wp-page\" data-elementor-id=\"5244\" class=\"elementor elementor-5244 elementor-1223\" data-elementor-post-type=\"page\">\n\t\t\t\t\t\t<section class=\"elementor-section elementor-top-section elementor-element elementor-element-3f2d017 elementor-section-content-middle elementor-section-boxed elementor-section-height-default elementor-section-height-default\" data-id=\"3f2d017\" data-element_type=\"section\" data-settings=\"{&quot;background_background&quot;:&quot;classic&quot;}\">\n\t\t\t\t\t\t<div class=\"elementor-container elementor-column-gap-default\">\n\t\t\t\t\t<div class=\"elementor-column elementor-col-100 elementor-top-column elementor-element elementor-element-2cc0316\" data-id=\"2cc0316\" data-element_type=\"column\">\n\t\t\t<div class=\"elementor-widget-wrap elementor-element-populated\">\n\t\t\t\t\t\t<div class=\"elementor-element elementor-element-984a111 elementor-widget elementor-widget-heading\" data-id=\"984a111\" data-element_type=\"widget\" data-widget_type=\"heading.default\">\n\t\t\t\t<div class=\"elementor-widget-container\">\n\t\t\t\t\t<h1 class=\"elementor-heading-title elementor-size-default\">T\u00e9rminos y condiciones<\/h1>\t\t\t\t<\/div>\n\t\t\t\t<\/div>\n\t\t\t\t\t<\/div>\n\t\t<\/div>\n\t\t\t\t\t<\/div>\n\t\t<\/section>\n\t\t\t\t<section class=\"elementor-section elementor-top-section elementor-element elementor-element-f452d99 elementor-section-boxed elementor-section-height-default elementor-section-height-default\" data-id=\"f452d99\" data-element_type=\"section\">\n\t\t\t\t\t\t<div class=\"elementor-container elementor-column-gap-default\">\n\t\t\t\t\t<div class=\"elementor-column elementor-col-100 elementor-top-column elementor-element elementor-element-77fb50d\" data-id=\"77fb50d\" data-element_type=\"column\">\n\t\t\t<div class=\"elementor-widget-wrap elementor-element-populated\">\n\t\t\t\t\t\t<div class=\"elementor-element elementor-element-5cf351b elementor-widget elementor-widget-heading\" data-id=\"5cf351b\" data-element_type=\"widget\" data-widget_type=\"heading.default\">\n\t\t\t\t<div class=\"elementor-widget-container\">\n\t\t\t\t\t<h2 class=\"elementor-heading-title elementor-size-default\">Reserva <\/h2>\t\t\t\t<\/div>\n\t\t\t\t<\/div>\n\t\t\t\t<div class=\"elementor-element elementor-element-ea79d3a elementor-widget elementor-widget-spacer\" data-id=\"ea79d3a\" data-element_type=\"widget\" data-widget_type=\"spacer.default\">\n\t\t\t\t<div class=\"elementor-widget-container\">\n\t\t\t\t\t\t\t<div class=\"elementor-spacer\">\n\t\t\t<div class=\"elementor-spacer-inner\"><\/div>\n\t\t<\/div>\n\t\t\t\t\t\t<\/div>\n\t\t\t\t<\/div>\n\t\t\t\t<div class=\"elementor-element elementor-element-e54834d elementor-widget elementor-widget-text-editor\" data-id=\"e54834d\" data-element_type=\"widget\" data-widget_type=\"text-editor.default\">\n\t\t\t\t<div class=\"elementor-widget-container\">\n\t\t\t\t\t\t\t\t\t<p>Una vez que est\u00e9 listo para reservar con nosotros, le enviaremos un enlace de pago.<\/p>\n<ul>\n<li>Si la reserva se realiza con menos de 30 d\u00edas antes de la llegada, se requerir\u00e1 el pago total.<\/li>\n<li data-gc-list-depth=\"1\" data-gc-list-style=\"bullet\">Si la reserva est\u00e1 a m\u00e1s de 30 d\u00edas de la fecha de llegada, se requerir\u00e1 un pago no reembolsable de $250.<\/li>\n<li data-gc-list-depth=\"1\" data-gc-list-style=\"bullet\">Una vez procesado el pago, nuestro Departamento de Reservas proceder\u00e1 a la confirmaci\u00f3n de todos los servicios del itinerario.<\/li>\n<li data-gc-list-depth=\"1\" data-gc-list-style=\"bullet\">Dentro de las 24 a 48 horas, usted recibir\u00e1 un itinerario detallado realizado con Axus, el cual incluir\u00e1 la confirmaci\u00f3n de todos los servicios con fechas, horarios, n\u00fameros de confirmaci\u00f3n, n\u00fameros de contacto, etc.<\/li>\n<\/ul>\n<p><strong>Tenga en cuenta:<\/strong> a veces los servicios requieren m\u00e1s tiempo para confirmarse y es posible que no podamos enviarlo en el tiempo designado.<\/p>\n<p><strong>Una vez que todo est\u00e9 confirmado,<\/strong> nuestro equipo de Concierge se comunicar\u00e1 con usted para asistirlo con cualquier solicitud especial que pueda tener para sus clientes, sugerencias, reservas de restaurantes, transporte, regalo o nota especial para ellos o reservas de spa. <\/p>\n\t\t\t\t\t\t\t\t<\/div>\n\t\t\t\t<\/div>\n\t\t\t\t<div class=\"elementor-element elementor-element-74e6ecf elementor-widget elementor-widget-spacer\" data-id=\"74e6ecf\" data-element_type=\"widget\" data-widget_type=\"spacer.default\">\n\t\t\t\t<div class=\"elementor-widget-container\">\n\t\t\t\t\t\t\t<div class=\"elementor-spacer\">\n\t\t\t<div class=\"elementor-spacer-inner\"><\/div>\n\t\t<\/div>\n\t\t\t\t\t\t<\/div>\n\t\t\t\t<\/div>\n\t\t\t\t\t<\/div>\n\t\t<\/div>\n\t\t\t\t\t<\/div>\n\t\t<\/section>\n\t\t\t\t<section class=\"elementor-section elementor-top-section elementor-element elementor-element-365cc91 elementor-section-boxed elementor-section-height-default elementor-section-height-default\" data-id=\"365cc91\" data-element_type=\"section\">\n\t\t\t\t\t\t<div class=\"elementor-container elementor-column-gap-default\">\n\t\t\t\t\t<div class=\"elementor-column elementor-col-100 elementor-top-column elementor-element elementor-element-c1d9fc2\" data-id=\"c1d9fc2\" data-element_type=\"column\">\n\t\t\t<div class=\"elementor-widget-wrap elementor-element-populated\">\n\t\t\t\t\t\t<div class=\"elementor-element elementor-element-f4220c0 elementor-widget elementor-widget-heading\" data-id=\"f4220c0\" data-element_type=\"widget\" data-widget_type=\"heading.default\">\n\t\t\t\t<div class=\"elementor-widget-container\">\n\t\t\t\t\t<h2 class=\"elementor-heading-title elementor-size-default\">Formas de pago\n<\/h2>\t\t\t\t<\/div>\n\t\t\t\t<\/div>\n\t\t\t\t<div class=\"elementor-element elementor-element-7bba7e9 elementor-widget elementor-widget-spacer\" data-id=\"7bba7e9\" data-element_type=\"widget\" data-widget_type=\"spacer.default\">\n\t\t\t\t<div class=\"elementor-widget-container\">\n\t\t\t\t\t\t\t<div class=\"elementor-spacer\">\n\t\t\t<div class=\"elementor-spacer-inner\"><\/div>\n\t\t<\/div>\n\t\t\t\t\t\t<\/div>\n\t\t\t\t<\/div>\n\t\t\t\t<div class=\"elementor-element elementor-element-b9a97e6 elementor-widget elementor-widget-text-editor\" data-id=\"b9a97e6\" data-element_type=\"widget\" data-widget_type=\"text-editor.default\">\n\t\t\t\t<div class=\"elementor-widget-container\">\n\t\t\t\t\t\t\t\t\t<p>Todos los pagos podr\u00e1n realizarse en USD, mediante dos alternativas diferentes:<\/p>\n<ul>\n<li data-gc-list-depth=\"1\" data-gc-list-style=\"bullet\">Transferencia bancaria<\/li>\n<li data-gc-list-depth=\"1\" data-gc-list-style=\"bullet\">Con tarjeta de cr\u00e9dito <\/li>\n<\/ul>\n\t\t\t\t\t\t\t\t<\/div>\n\t\t\t\t<\/div>\n\t\t\t\t\t<\/div>\n\t\t<\/div>\n\t\t\t\t\t<\/div>\n\t\t<\/section>\n\t\t\t\t<section class=\"elementor-section elementor-top-section elementor-element elementor-element-6b84e0c elementor-section-boxed elementor-section-height-default elementor-section-height-default\" data-id=\"6b84e0c\" data-element_type=\"section\">\n\t\t\t\t\t\t<div class=\"elementor-container elementor-column-gap-default\">\n\t\t\t\t\t<div class=\"elementor-column elementor-col-100 elementor-top-column elementor-element elementor-element-0f2679d\" data-id=\"0f2679d\" data-element_type=\"column\">\n\t\t\t<div class=\"elementor-widget-wrap elementor-element-populated\">\n\t\t\t\t\t\t<div class=\"elementor-element elementor-element-92c95fe elementor-widget elementor-widget-heading\" data-id=\"92c95fe\" data-element_type=\"widget\" data-widget_type=\"heading.default\">\n\t\t\t\t<div class=\"elementor-widget-container\">\n\t\t\t\t\t<h2 class=\"elementor-heading-title elementor-size-default\">Pol\u00edticas de pago<\/h2>\t\t\t\t<\/div>\n\t\t\t\t<\/div>\n\t\t\t\t<div class=\"elementor-element elementor-element-403605b elementor-widget elementor-widget-spacer\" data-id=\"403605b\" data-element_type=\"widget\" data-widget_type=\"spacer.default\">\n\t\t\t\t<div class=\"elementor-widget-container\">\n\t\t\t\t\t\t\t<div class=\"elementor-spacer\">\n\t\t\t<div class=\"elementor-spacer-inner\"><\/div>\n\t\t<\/div>\n\t\t\t\t\t\t<\/div>\n\t\t\t\t<\/div>\n\t\t\t\t<div class=\"elementor-element elementor-element-f1fb644 elementor-widget elementor-widget-text-editor\" data-id=\"f1fb644\" data-element_type=\"widget\" data-widget_type=\"text-editor.default\">\n\t\t\t\t<div class=\"elementor-widget-container\">\n\t\t\t\t\t\t\t\t\t<ul>\n<li data-gc-list-depth=\"1\" data-gc-list-style=\"bullet\">A la hora de la reserva, se requiere un dep\u00f3sito no reembolsable de $250 por persona. <\/li>\n<li data-gc-list-depth=\"1\" data-gc-list-style=\"bullet\">El pago total debe realizarse 30 d\u00edas antes de la llegada de los clientes. <\/li>\n<li data-gc-list-depth=\"1\" data-gc-list-style=\"bullet\">Para Semana Santa, Navidad y Fin de A\u00f1o, puede que se requiera el pago completo al momento de la reserva.<\/li>\n<li data-gc-list-depth=\"1\" data-gc-list-style=\"bullet\">Las fechas de pago pueden cambiar. <\/li>\n<\/ul>\n\t\t\t\t\t\t\t\t<\/div>\n\t\t\t\t<\/div>\n\t\t\t\t<div class=\"elementor-element elementor-element-989e265 elementor-widget elementor-widget-spacer\" data-id=\"989e265\" data-element_type=\"widget\" data-widget_type=\"spacer.default\">\n\t\t\t\t<div class=\"elementor-widget-container\">\n\t\t\t\t\t\t\t<div class=\"elementor-spacer\">\n\t\t\t<div class=\"elementor-spacer-inner\"><\/div>\n\t\t<\/div>\n\t\t\t\t\t\t<\/div>\n\t\t\t\t<\/div>\n\t\t\t\t\t<\/div>\n\t\t<\/div>\n\t\t\t\t\t<\/div>\n\t\t<\/section>\n\t\t\t\t<section class=\"elementor-section elementor-top-section elementor-element elementor-element-8d26932 elementor-section-boxed elementor-section-height-default elementor-section-height-default\" data-id=\"8d26932\" data-element_type=\"section\">\n\t\t\t\t\t\t<div class=\"elementor-container elementor-column-gap-default\">\n\t\t\t\t\t<div class=\"elementor-column elementor-col-100 elementor-top-column elementor-element elementor-element-d56d848\" data-id=\"d56d848\" data-element_type=\"column\">\n\t\t\t<div class=\"elementor-widget-wrap elementor-element-populated\">\n\t\t\t\t\t\t<div class=\"elementor-element elementor-element-829b15b elementor-widget elementor-widget-heading\" data-id=\"829b15b\" data-element_type=\"widget\" data-widget_type=\"heading.default\">\n\t\t\t\t<div class=\"elementor-widget-container\">\n\t\t\t\t\t<h2 class=\"elementor-heading-title elementor-size-default\">Pol\u00edtica de cancelaci\u00f3n<\/h2>\t\t\t\t<\/div>\n\t\t\t\t<\/div>\n\t\t\t\t<div class=\"elementor-element elementor-element-e4d87f6 elementor-widget elementor-widget-spacer\" data-id=\"e4d87f6\" data-element_type=\"widget\" data-widget_type=\"spacer.default\">\n\t\t\t\t<div class=\"elementor-widget-container\">\n\t\t\t\t\t\t\t<div class=\"elementor-spacer\">\n\t\t\t<div class=\"elementor-spacer-inner\"><\/div>\n\t\t<\/div>\n\t\t\t\t\t\t<\/div>\n\t\t\t\t<\/div>\n\t\t\t\t<div class=\"elementor-element elementor-element-dc304f7 elementor-widget elementor-widget-text-editor\" data-id=\"dc304f7\" data-element_type=\"widget\" data-widget_type=\"text-editor.default\">\n\t\t\t\t<div class=\"elementor-widget-container\">\n\t\t\t\t\t\t\t\t\t<div class=\"\">\n<div class=\"\">\n<div><span class=\"colour\">Todas las cancelaciones deben recibirse por escrito o por correo electr\u00f3nico. Se aplicar\u00e1n los siguientes cargos, por persona, cuando la cancelaci\u00f3n se realice despu\u00e9s de que Panama Trails confirme la reserva:<br \/><\/span><\/div>\n<div><span class=\"colour\"> <\/span><\/div>\n<div><span class=\"colour\"><b>SEMANA SANTA, NAVIDAD Y A\u00d1O NUEVO<\/b><br \/><\/span><\/div>\n<\/div>\n<\/div>\n<blockquote>\n<div class=\"\">\n<div class=\"\">\n<div class=\"\"><span class=\"colour\">\u2022 75-61 d\u00edas o m\u00e1s, antes de la fecha de llegada, USD $250 para servicios individuales o USD $350 para viajes de ida y vuelta (paquetes).<\/span><span class=\"colour\"><br \/><\/span><\/div>\n<div class=\"\"><span class=\"colour\">\u2022 60 a 46 d\u00edas, 50% del costo del viaje.<\/span><span class=\"colour\"><br \/><\/span><\/div>\n<div class=\"\"><span class=\"colour\">\u2022 45 a 31 d\u00edas, 75% del costo del viaje.<\/span><span class=\"colour\"><br \/><\/span><\/div>\n<div class=\"\"><span class=\"colour\">\u2022 Menos de 331 d\u00edas, 100% del costo del viaje.<br \/><\/span><\/div>\n<\/div>\n<\/div>\n<\/blockquote>\n<div class=\"\">\n<div class=\"\">\n<div><span class=\"colour\"><b>RESTO DEL A\u00d1O<\/b><br \/><\/span><\/div>\n<\/div>\n<\/div>\n<blockquote>\n<div class=\"\">\n<div class=\"\">\n<div class=\"\"><span class=\"colour\">\u2022 60 a 45 d\u00edas antes de la fecha de llegada, USD $250 para servicios individuales o USD $350 para viajes ida y vuelta (paquetes).<\/span><span class=\"colour\"><br \/><\/span><\/div>\n<div class=\"\"><span class=\"colour\">\u2022 44 a 31 d\u00edas, 50% del costo del viaje.<\/span><span class=\"colour\"><br \/><\/span><\/div>\n<div class=\"\"><span class=\"colour\">\u2022 30 a 22 d\u00edas, 75% del costo del viaje.<\/span><span class=\"colour\"><br \/><\/span><\/div>\n<div class=\"\"><span class=\"colour\">\u2022 Menos de 22 d\u00edas, 100% del costo del viaje<br \/><\/span><\/div>\n<\/div>\n<\/div>\n<\/blockquote>\n<div class=\"\"> <\/div><\/p>\n\t\t\t\t\t\t\t\t<\/div>\n\t\t\t\t<\/div>\n\t\t\t\t<div class=\"elementor-element elementor-element-4a01e2e elementor-widget elementor-widget-spacer\" data-id=\"4a01e2e\" data-element_type=\"widget\" data-widget_type=\"spacer.default\">\n\t\t\t\t<div class=\"elementor-widget-container\">\n\t\t\t\t\t\t\t<div class=\"elementor-spacer\">\n\t\t\t<div class=\"elementor-spacer-inner\"><\/div>\n\t\t<\/div>\n\t\t\t\t\t\t<\/div>\n\t\t\t\t<\/div>\n\t\t\t\t\t<\/div>\n\t\t<\/div>\n\t\t\t\t\t<\/div>\n\t\t<\/section>\n\t\t\t\t<\/div>\n\t\t","protected":false},"excerpt":{"rendered":"<p>T\u00e9rminos y condiciones Reserva Una vez que est\u00e9 listo para reservar con nosotros, le enviaremos un enlace de pago. Si la reserva se realiza con menos de 30 d\u00edas antes de la llegada, se requerir\u00e1 el pago total. Si la reserva est\u00e1 a m\u00e1s de 30 d\u00edas de la fecha de llegada, se requerir\u00e1 un [&hellip;]<\/p>\n","protected":false},"author":1,"featured_media":0,"parent":0,"menu_order":0,"comment_status":"closed","ping_status":"closed","template":"","meta":{"cybocfi_hide_featured_image":"","footnotes":""},"class_list":["post-5244","page","type-page","status-publish","hentry"],"yoast_head":"<!-- This site is optimized with the Yoast SEO plugin v26.3 - https:\/\/yoast.com\/wordpress\/plugins\/seo\/ -->\n<title>T\u00e9rminos y condiciones - Panama Trails<\/title>\n<meta name=\"robots\" content=\"index, follow, max-snippet:-1, max-image-preview:large, max-video-preview:-1\" \/>\n<link rel=\"canonical\" href=\"https:\/\/panamatrails.com\/es\/terminos-y-condiciones\/\" \/>\n<meta property=\"og:locale\" content=\"es_ES\" \/>\n<meta property=\"og:type\" content=\"article\" \/>\n<meta property=\"og:title\" content=\"T\u00e9rminos y condiciones - Panama Trails\" \/>\n<meta property=\"og:description\" content=\"T\u00e9rminos y condiciones Reserva Una vez que est\u00e9 listo para reservar con nosotros, le enviaremos un enlace de pago. Si la reserva se realiza con menos de 30 d\u00edas antes de la llegada, se requerir\u00e1 el pago total. Si la reserva est\u00e1 a m\u00e1s de 30 d\u00edas de la fecha de llegada, se requerir\u00e1 un [&hellip;]\" \/>\n<meta property=\"og:url\" content=\"https:\/\/panamatrails.com\/es\/terminos-y-condiciones\/\" \/>\n<meta property=\"og:site_name\" content=\"Panama Trails\" \/>\n<meta property=\"article:modified_time\" content=\"2022-12-09T00:17:20+00:00\" \/>\n<meta name=\"twitter:card\" content=\"summary_large_image\" \/>\n<meta name=\"twitter:label1\" content=\"Tiempo de lectura\" \/>\n\t<meta name=\"twitter:data1\" content=\"2 minutos\" \/>\n<script type=\"application\/ld+json\" class=\"yoast-schema-graph\">{\"@context\":\"https:\/\/schema.org\",\"@graph\":[{\"@type\":\"WebPage\",\"@id\":\"https:\/\/panamatrails.com\/es\/terminos-y-condiciones\/\",\"url\":\"https:\/\/panamatrails.com\/es\/terminos-y-condiciones\/\",\"name\":\"T\u00e9rminos y condiciones - Panama Trails\",\"isPartOf\":{\"@id\":\"https:\/\/panamatrails.com\/es\/#website\"},\"datePublished\":\"2021-12-16T18:42:01+00:00\",\"dateModified\":\"2022-12-09T00:17:20+00:00\",\"breadcrumb\":{\"@id\":\"https:\/\/panamatrails.com\/es\/terminos-y-condiciones\/#breadcrumb\"},\"inLanguage\":\"es\",\"potentialAction\":[{\"@type\":\"ReadAction\",\"target\":[\"https:\/\/panamatrails.com\/es\/terminos-y-condiciones\/\"]}]},{\"@type\":\"BreadcrumbList\",\"@id\":\"https:\/\/panamatrails.com\/es\/terminos-y-condiciones\/#breadcrumb\",\"itemListElement\":[{\"@type\":\"ListItem\",\"position\":1,\"name\":\"Home\",\"item\":\"https:\/\/panamatrails.com\/es\/\"},{\"@type\":\"ListItem\",\"position\":2,\"name\":\"T\u00e9rminos y condiciones\"}]},{\"@type\":\"WebSite\",\"@id\":\"https:\/\/panamatrails.com\/es\/#website\",\"url\":\"https:\/\/panamatrails.com\/es\/\",\"name\":\"Panama Trails\",\"description\":\"Panama Trails\",\"publisher\":{\"@id\":\"https:\/\/panamatrails.com\/es\/#organization\"},\"potentialAction\":[{\"@type\":\"SearchAction\",\"target\":{\"@type\":\"EntryPoint\",\"urlTemplate\":\"https:\/\/panamatrails.com\/es\/?s={search_term_string}\"},\"query-input\":{\"@type\":\"PropertyValueSpecification\",\"valueRequired\":true,\"valueName\":\"search_term_string\"}}],\"inLanguage\":\"es\"},{\"@type\":\"Organization\",\"@id\":\"https:\/\/panamatrails.com\/es\/#organization\",\"name\":\"Panama Trails\",\"url\":\"https:\/\/panamatrails.com\/es\/\",\"logo\":{\"@type\":\"ImageObject\",\"inLanguage\":\"es\",\"@id\":\"https:\/\/panamatrails.com\/es\/#\/schema\/logo\/image\/\",\"url\":\"https:\/\/panamatrails.com\/wp-content\/uploads\/2021\/11\/Logo@2x-2.png\",\"contentUrl\":\"https:\/\/panamatrails.com\/wp-content\/uploads\/2021\/11\/Logo@2x-2.png\",\"width\":346,\"height\":228,\"caption\":\"Panama Trails\"},\"image\":{\"@id\":\"https:\/\/panamatrails.com\/es\/#\/schema\/logo\/image\/\"}}]}<\/script>\n<!-- \/ Yoast SEO plugin. -->","yoast_head_json":{"title":"T\u00e9rminos y condiciones - Panama Trails","robots":{"index":"index","follow":"follow","max-snippet":"max-snippet:-1","max-image-preview":"max-image-preview:large","max-video-preview":"max-video-preview:-1"},"canonical":"https:\/\/panamatrails.com\/es\/terminos-y-condiciones\/","og_locale":"es_ES","og_type":"article","og_title":"T\u00e9rminos y condiciones - Panama Trails","og_description":"T\u00e9rminos y condiciones Reserva Una vez que est\u00e9 listo para reservar con nosotros, le enviaremos un enlace de pago. Si la reserva se realiza con menos de 30 d\u00edas antes de la llegada, se requerir\u00e1 el pago total. Si la reserva est\u00e1 a m\u00e1s de 30 d\u00edas de la fecha de llegada, se requerir\u00e1 un [&hellip;]","og_url":"https:\/\/panamatrails.com\/es\/terminos-y-condiciones\/","og_site_name":"Panama Trails","article_modified_time":"2022-12-09T00:17:20+00:00","twitter_card":"summary_large_image","twitter_misc":{"Tiempo de lectura":"2 minutos"},"schema":{"@context":"https:\/\/schema.org","@graph":[{"@type":"WebPage","@id":"https:\/\/panamatrails.com\/es\/terminos-y-condiciones\/","url":"https:\/\/panamatrails.com\/es\/terminos-y-condiciones\/","name":"T\u00e9rminos y condiciones - Panama Trails","isPartOf":{"@id":"https:\/\/panamatrails.com\/es\/#website"},"datePublished":"2021-12-16T18:42:01+00:00","dateModified":"2022-12-09T00:17:20+00:00","breadcrumb":{"@id":"https:\/\/panamatrails.com\/es\/terminos-y-condiciones\/#breadcrumb"},"inLanguage":"es","potentialAction":[{"@type":"ReadAction","target":["https:\/\/panamatrails.com\/es\/terminos-y-condiciones\/"]}]},{"@type":"BreadcrumbList","@id":"https:\/\/panamatrails.com\/es\/terminos-y-condiciones\/#breadcrumb","itemListElement":[{"@type":"ListItem","position":1,"name":"Home","item":"https:\/\/panamatrails.com\/es\/"},{"@type":"ListItem","position":2,"name":"T\u00e9rminos y condiciones"}]},{"@type":"WebSite","@id":"https:\/\/panamatrails.com\/es\/#website","url":"https:\/\/panamatrails.com\/es\/","name":"Panama Trails","description":"Panama Trails","publisher":{"@id":"https:\/\/panamatrails.com\/es\/#organization"},"potentialAction":[{"@type":"SearchAction","target":{"@type":"EntryPoint","urlTemplate":"https:\/\/panamatrails.com\/es\/?s={search_term_string}"},"query-input":{"@type":"PropertyValueSpecification","valueRequired":true,"valueName":"search_term_string"}}],"inLanguage":"es"},{"@type":"Organization","@id":"https:\/\/panamatrails.com\/es\/#organization","name":"Panama Trails","url":"https:\/\/panamatrails.com\/es\/","logo":{"@type":"ImageObject","inLanguage":"es","@id":"https:\/\/panamatrails.com\/es\/#\/schema\/logo\/image\/","url":"https:\/\/panamatrails.com\/wp-content\/uploads\/2021\/11\/Logo@2x-2.png","contentUrl":"https:\/\/panamatrails.com\/wp-content\/uploads\/2021\/11\/Logo@2x-2.png","width":346,"height":228,"caption":"Panama Trails"},"image":{"@id":"https:\/\/panamatrails.com\/es\/#\/schema\/logo\/image\/"}}]}},"_links":{"self":[{"href":"https:\/\/panamatrails.com\/es\/wp-json\/wp\/v2\/pages\/5244","targetHints":{"allow":["GET"]}}],"collection":[{"href":"https:\/\/panamatrails.com\/es\/wp-json\/wp\/v2\/pages"}],"about":[{"href":"https:\/\/panamatrails.com\/es\/wp-json\/wp\/v2\/types\/page"}],"author":[{"embeddable":true,"href":"https:\/\/panamatrails.com\/es\/wp-json\/wp\/v2\/users\/1"}],"replies":[{"embeddable":true,"href":"https:\/\/panamatrails.com\/es\/wp-json\/wp\/v2\/comments?post=5244"}],"version-history":[{"count":3,"href":"https:\/\/panamatrails.com\/es\/wp-json\/wp\/v2\/pages\/5244\/revisions"}],"predecessor-version":[{"id":5247,"href":"https:\/\/panamatrails.com\/es\/wp-json\/wp\/v2\/pages\/5244\/revisions\/5247"}],"wp:attachment":[{"href":"https:\/\/panamatrails.com\/es\/wp-json\/wp\/v2\/media?parent=5244"}],"curies":[{"name":"wp","href":"https:\/\/api.w.org\/{rel}","templated":true}]}}